{"id":930,"date":"2022-01-05T16:37:30","date_gmt":"2022-01-05T15:37:30","guid":{"rendered":"https:\/\/monasteriosanjuan.com\/monasterio-viejo\/"},"modified":"2022-03-01T16:42:35","modified_gmt":"2022-03-01T15:42:35","slug":"monasterio-viejo","status":"publish","type":"page","link":"https:\/\/www.monasteriosanjuan.com\/fr\/monasterio-viejo\/","title":{"rendered":"Vieux monast\u00e8re"},"content":{"rendered":"<section class=\"l-section wpb_row height_medium\"><div class=\"l-section-h i-cf\"><div class=\"g-cols vc_row via_grid cols_2-1 laptops-cols_inherit tablets-cols_inherit mobiles-cols_1 valign_top type_default stacking_default\"><div class=\"wpb_column vc_column_container\"><div class=\"vc_column-inner\"><div class=\"wpb_text_column\"><div class=\"wpb_wrapper\"><p class=\"western\" align=\"justify\">L\u00b4ensemble, situ\u00e9 sur le surplomb du rocher qui lui donne son nom, comprend une vaste chronologie qui est entam\u00e9e dans le <strong>Xe si\u00e8cle<\/strong>, et il est parfaitement int\u00e9gr\u00e9 dans son exceptionnel environnement naturel .Dans son int\u00e9rieur se distinguent l&rsquo;\u00e9glise pr\u00e9romane, les peintures de <strong>Saint Cosme et de Saint Damian<\/strong>, du XIIe si\u00e8cle, l&rsquo;appel\u00e9 <strong>Panth\u00e9on des Nobles<\/strong>, l&rsquo;\u00e9glise sup\u00e9rieure, consacr\u00e9e en 1094, et la chapelle gothique de <strong>San Victori\u00e1n<\/strong>, mais ressort surtout le magnifique clo\u00eetre roman, \u0153uvre de deux ateliers diff\u00e9rents. \u00c0 tout cela il faut ajouter d&rsquo;autres b\u00e2timents post\u00e9rieurs aux si\u00e8cles m\u00e9di\u00e9vaux, entre lesquels il convient remarquer le Panth\u00e9on R\u00e9el, de style n\u00e9oclassique, \u00e9rig\u00e9 dans le dernier tiers du XVIIIe si\u00e8cle.<\/p>\n<p class=\"western\" align=\"justify\">Les origines authentiques du monast\u00e8re sont perdues dans l&rsquo;obscurit\u00e9 des temps du Haut Moyen Age et lui on a suppos\u00e9 refuge d&rsquo;ermites, bien que les donn\u00e9es historiques nous conduisent \u00e0 la fondation d&rsquo;un petit centre monastique consacr\u00e9 \u00e0 <strong>Saint Jean Batiste<\/strong> dans le Xe si\u00e8cle, dont survivent quelques \u00e9l\u00e9ments. Ruin\u00e9 \u00e0 la fin de ce si\u00e8cle, la refondation du Monast\u00e8re a \u00e9t\u00e9 r\u00e9alis\u00e9e sous le nom de San Juan de la Pe\u00f1a par le <strong>Roi Sanche<\/strong> de Navarre dans le premier tiers du XIe si\u00e8cle. Ce Monarque a \u00e9t\u00e9 celui qui a introduit dans le monast\u00e8re la r\u00e8gle de Saint Beno\u00eet, norme fondamentale \u00e0 l\u00b4Europe m\u00e9di\u00e9vale. Tout au long de ce si\u00e8cle, le centre s&rsquo;est \u00e9tendu avec de nouvelles constructions en se transformant en panth\u00e9on de Rois et monast\u00e8re pr\u00e9f\u00e9r\u00e9 de la naissante monarchie aragonaise qui l&rsquo;a dot\u00e9 avec de nombreux biens.<\/p>\n<\/div><\/div><\/div><\/div><div class=\"wpb_column vc_column_container\"><div class=\"vc_column-inner\"><div class=\"w-image us_custom_8f2ba1f4 us_animate_this align_none\"><a ref=\"magnificPopup\" href=\"https:\/\/www.monasteriosanjuan.com\/wp-content\/uploads\/2022\/01\/panteon.jpg\" aria-label=\"panteon\" class=\"w-image-h\"><img decoding=\"async\" width=\"1236\" height=\"1500\" src=\"https:\/\/www.monasteriosanjuan.com\/wp-content\/uploads\/2022\/01\/panteon.jpg\" class=\"attachment-full size-full\" alt=\"panteon\" loading=\"lazy\" srcset=\"https:\/\/www.monasteriosanjuan.com\/wp-content\/uploads\/2022\/01\/panteon.jpg 1236w, https:\/\/www.monasteriosanjuan.com\/wp-content\/uploads\/2022\/01\/panteon-247x300.jpg 247w, https:\/\/www.monasteriosanjuan.com\/wp-content\/uploads\/2022\/01\/panteon-844x1024.jpg 844w\" sizes=\"auto, (max-width: 1236px) 100vw, 1236px\" \/><\/a><\/div><\/div><\/div><\/div><\/div><\/section><section class=\"l-section wpb_row height_medium with_img parallax_ver\"><div class=\"l-section-img\" role=\"img\" aria-label=\"Monasterio Viejo\" data-img-width=\"1920\" data-img-height=\"872\" style=\"background-image: url(https:\/\/www.monasteriosanjuan.com\/wp-content\/uploads\/2022\/01\/monasterio-viejo-interior.jpg);\"><\/div><div class=\"l-section-h i-cf\"><div class=\"g-cols vc_row via_grid cols_2 laptops-cols_inherit tablets-cols_inherit mobiles-cols_1 valign_top type_default stacking_default\"><div class=\"wpb_column vc_column_container\"><div class=\"vc_column-inner\"><\/div><\/div><div class=\"wpb_column vc_column_container\"><div class=\"vc_column-inner\"><div class=\"wpb_text_column us_custom_f3aa74ea has_text_color\"><div class=\"wpb_wrapper\"><p>Consid\u00e9r\u00e9 par la tradition comme le berceau du Royaume d&rsquo;Aragon, il a \u00e9t\u00e9 arr\u00eat habituel du Chemin de Saint-Jacques -de -Compostelle et consid\u00e9r\u00e9 un lieu de l\u00e9gendes, et entre elles il faut remarquer celle qui lie ce lieu avec le Saint Calice.<\/p>\n<\/div><\/div><\/div><\/div><\/div><\/div><\/section><section class=\"l-section wpb_row height_medium\"><div class=\"l-section-h i-cf\"><div class=\"g-cols vc_row via_grid cols_1-2 laptops-cols_inherit tablets-cols_inherit mobiles-cols_1 valign_top type_default stacking_default\"><div class=\"wpb_column vc_column_container\"><div class=\"vc_column-inner\"><div class=\"w-image us_custom_8f2ba1f4 us_animate_this align_center\"><a ref=\"magnificPopup\" href=\"https:\/\/www.monasteriosanjuan.com\/wp-content\/uploads\/2022\/01\/capiteles-1.jpg\" aria-label=\"capiteles\" class=\"w-image-h\"><img decoding=\"async\" width=\"900\" height=\"964\" src=\"https:\/\/www.monasteriosanjuan.com\/wp-content\/uploads\/2022\/01\/capiteles-1.jpg\" class=\"attachment-full size-full\" alt=\"Capiteles\" loading=\"lazy\" srcset=\"https:\/\/www.monasteriosanjuan.com\/wp-content\/uploads\/2022\/01\/capiteles-1.jpg 900w, https:\/\/www.monasteriosanjuan.com\/wp-content\/uploads\/2022\/01\/capiteles-1-280x300.jpg 280w\" sizes=\"auto, (max-width: 900px) 100vw, 900px\" \/><\/a><\/div><\/div><\/div><div class=\"wpb_column vc_column_container\"><div class=\"vc_column-inner\"><div class=\"wpb_text_column\"><div class=\"wpb_wrapper\"><p class=\"western\" align=\"justify\">Une date significative a \u00e9t\u00e9 celle de du 22 mars de 1071, quand le <strong>Monast\u00e8re de San Juan de la Pe\u00f1a<\/strong> a \u00e9t\u00e9 le sc\u00e9nario de l&rsquo;introduction, pour la premi\u00e8re fois dans la P\u00e9ninsule Ib\u00e9rique, du rite liturgique romain, utilis\u00e9 dans toute l&rsquo;\u00c9glise d&rsquo;Occident, qui mettait fin \u00e0 l&rsquo;ancien rite Hispanique Visigoth et supposait l\u2019ob\u00e9issance d\u00e9finitive de l&rsquo;\u00e9glise aragonaise aux r\u00e8gles marqu\u00e9es par le Pontificat.<\/p>\n<p class=\"western\" align=\"justify\">Toutefois, une certaine d\u00e9cadence est commenc\u00e9e \u00e0 partir de la seconde moiti\u00e9 du XIIe si\u00e8cle laquelle s&rsquo;est accentu\u00e9e dans la p\u00e9riode suivante, et encore plus \u00e0 partir du XIVe si\u00e8cle. Les notes caract\u00e9ristiques de cette \u00e9poque ont \u00e9t\u00e9 la fin des donations, les pertes patrimoniales, les multiples proc\u00e8s devant de nombreuses instances, et sp\u00e9cialement avec les \u00e9v\u00each\u00e9s o\u00f9 \u00e9taient situ\u00e9es ses propri\u00e9t\u00e9s (Jaca &#8211; Huesca, Pampelune et Saragosse), les dettes, la d\u00e9t\u00e9rioration des constructions par leur situation particuli\u00e8re et divers incendies qui furent d\u00e9vastateurs.<\/p>\n<p class=\"western\" align=\"justify\">Avec le dernier de ces incendies, en 1675, et lequel dura trois jours, on a perdu l&rsquo;habitabilit\u00e9 n\u00e9cessaire pour la vie monacale, c\u00b4est pourquoi on a planifi\u00e9 la construction du\u00a0<a href=\"https:\/\/monasteriosanjuan.com\/fr\/monasterio-nuevo\/\"><strong>Nouveau Monast\u00e8re<\/strong><\/a>.<\/p>\n<\/div><\/div><\/div><\/div><\/div><\/div><\/section><section class=\"l-section wpb_row us_custom_f58a0cb9 height_medium width_full with_img parallax_ver\"><div class=\"l-section-img\" role=\"img\" aria-label=\"Fondo claro\" data-img-width=\"1920\" data-img-height=\"700\" style=\"background-image: url(https:\/\/www.monasteriosanjuan.com\/wp-content\/uploads\/2022\/01\/fondo-claro.jpg);\"><\/div><div class=\"l-section-h i-cf\"><div class=\"g-cols vc_row via_grid cols_1 laptops-cols_inherit tablets-cols_inherit mobiles-cols_1 valign_top type_default stacking_default\"><div class=\"wpb_column vc_column_container\"><div class=\"vc_column-inner\"><div class=\"w-grid us_grid type_grid layout_341 cols_4 preload_style_spinner\" id=\"us_grid_1\" style=\"--columns:4;--gap:1.5rem;\" data-filterable=\"true\"><style>@media (max-width:1280px){#us_grid_1{--columns:3!important}}@media (max-width:1024px){#us_grid_1{--columns:2!important}}@media (max-width:600px){#us_grid_1{--columns:1!important}}.layout_341 .w-grid-item-h{background:#000000}.layout_341 .usg_post_image_1{transition-duration:0.3s;transform-origin:50% 50%;transform:scale(1) translate(0%,0%)}.layout_341 .w-grid-item-h:focus-within .usg_post_image_1,.layout_341 .w-grid-item-h:hover .usg_post_image_1{transform:scale(1.05) translate(0%,0%);opacity:0.8}<\/style><div class=\"w-grid-list\">\t<article class=\"w-grid-item size_1x1 post-493 attachment type-attachment status-inherit hentry\" data-id=\"493\">\r\n\t\t<div class=\"w-grid-item-h\">\r\n\t\t\t\t\t\t<div class=\"w-post-elm post_image usg_post_image_1 stretched\"><a ref=\"magnificPopup\" href=\"https:\/\/www.monasteriosanjuan.com\/wp-content\/uploads\/2022\/01\/monasterio-viejo-interior2.jpg\" aria-label=\"monasterio-viejo-interior2\"><img loading=\"lazy\" decoding=\"async\" width=\"1024\" height=\"683\" src=\"https:\/\/www.monasteriosanjuan.com\/wp-content\/uploads\/2022\/01\/monasterio-viejo-interior2-1024x683.jpg\" class=\"attachment-large size-large\" alt=\"Monasterio San Juan de la Pe\u00f1a\" srcset=\"https:\/\/www.monasteriosanjuan.com\/wp-content\/uploads\/2022\/01\/monasterio-viejo-interior2-1024x683.jpg 1024w, https:\/\/www.monasteriosanjuan.com\/wp-content\/uploads\/2022\/01\/monasterio-viejo-interior2-300x200.jpg 300w, https:\/\/www.monasteriosanjuan.com\/wp-content\/uploads\/2022\/01\/monasterio-viejo-interior2.jpg 1200w\" sizes=\"auto, (max-width: 1024px) 100vw, 1024px\" \/><\/a><\/div>\t\t<\/div>\r\n\t\t\t<\/article>\r\n\t<article class=\"w-grid-item size_1x1 post-327 attachment type-attachment status-inherit hentry\" data-id=\"327\">\r\n\t\t<div class=\"w-grid-item-h\">\r\n\t\t\t\t\t\t<div class=\"w-post-elm post_image usg_post_image_1 stretched\"><a ref=\"magnificPopup\" href=\"https:\/\/www.monasteriosanjuan.com\/wp-content\/uploads\/2022\/01\/monasterio-viejo-galeria02.jpg\" aria-label=\"monasterio-viejo-galeria02\"><img loading=\"lazy\" decoding=\"async\" width=\"1024\" height=\"683\" src=\"https:\/\/www.monasteriosanjuan.com\/wp-content\/uploads\/2022\/01\/monasterio-viejo-galeria02-1024x683.jpg\" class=\"attachment-large size-large\" alt=\"Monasterio San Juan de la Pe\u00f1a\" srcset=\"https:\/\/www.monasteriosanjuan.com\/wp-content\/uploads\/2022\/01\/monasterio-viejo-galeria02-1024x683.jpg 1024w, https:\/\/www.monasteriosanjuan.com\/wp-content\/uploads\/2022\/01\/monasterio-viejo-galeria02-300x200.jpg 300w, https:\/\/www.monasteriosanjuan.com\/wp-content\/uploads\/2022\/01\/monasterio-viejo-galeria02.jpg 1200w\" sizes=\"auto, (max-width: 1024px) 100vw, 1024px\" \/><\/a><\/div>\t\t<\/div>\r\n\t\t\t<\/article>\r\n\t<article class=\"w-grid-item size_1x1 post-330 attachment type-attachment status-inherit hentry\" data-id=\"330\">\r\n\t\t<div class=\"w-grid-item-h\">\r\n\t\t\t\t\t\t<div class=\"w-post-elm post_image usg_post_image_1 stretched\"><a ref=\"magnificPopup\" href=\"https:\/\/www.monasteriosanjuan.com\/wp-content\/uploads\/2022\/01\/monasterio-viejo-galeria03-scaled.jpg\" aria-label=\"monasterio-viejo-galeria03\"><img loading=\"lazy\" decoding=\"async\" width=\"1024\" height=\"683\" src=\"https:\/\/www.monasteriosanjuan.com\/wp-content\/uploads\/2022\/01\/monasterio-viejo-galeria03-1024x683.jpg\" class=\"attachment-large size-large\" alt=\"Monasterio San Juan de la Pe\u00f1a\" srcset=\"https:\/\/www.monasteriosanjuan.com\/wp-content\/uploads\/2022\/01\/monasterio-viejo-galeria03-1024x683.jpg 1024w, https:\/\/www.monasteriosanjuan.com\/wp-content\/uploads\/2022\/01\/monasterio-viejo-galeria03-300x200.jpg 300w\" sizes=\"auto, (max-width: 1024px) 100vw, 1024px\" \/><\/a><\/div>\t\t<\/div>\r\n\t\t\t<\/article>\r\n\t<article class=\"w-grid-item size_1x1 post-333 attachment type-attachment status-inherit hentry\" data-id=\"333\">\r\n\t\t<div class=\"w-grid-item-h\">\r\n\t\t\t\t\t\t<div class=\"w-post-elm post_image usg_post_image_1 stretched\"><a ref=\"magnificPopup\" href=\"https:\/\/www.monasteriosanjuan.com\/wp-content\/uploads\/2022\/01\/monasterio-viejo-galeria04.jpg\" aria-label=\"monasterio-viejo-galeria04\"><img loading=\"lazy\" decoding=\"async\" width=\"1024\" height=\"683\" src=\"https:\/\/www.monasteriosanjuan.com\/wp-content\/uploads\/2022\/01\/monasterio-viejo-galeria04-1024x683.jpg\" class=\"attachment-large size-large\" alt=\"Monasterio San Juan de la Pe\u00f1a\" srcset=\"https:\/\/www.monasteriosanjuan.com\/wp-content\/uploads\/2022\/01\/monasterio-viejo-galeria04-1024x683.jpg 1024w, https:\/\/www.monasteriosanjuan.com\/wp-content\/uploads\/2022\/01\/monasterio-viejo-galeria04-300x200.jpg 300w, https:\/\/www.monasteriosanjuan.com\/wp-content\/uploads\/2022\/01\/monasterio-viejo-galeria04.jpg 1200w\" sizes=\"auto, (max-width: 1024px) 100vw, 1024px\" \/><\/a><\/div>\t\t<\/div>\r\n\t\t\t<\/article>\r\n<\/div>\t<div class=\"w-grid-preloader\">\r\n\t\t<div class=\"g-preloader type_1\">\r\n\t\t\t<div><\/div>\r\n\t\t<\/div>\r\n\t<\/div>\r\n\t\t<div class=\"w-grid-json hidden\" onclick='return {&quot;action&quot;:&quot;us_ajax_grid&quot;,&quot;infinite_scroll&quot;:0,&quot;max_num_pages&quot;:1,&quot;pagination&quot;:&quot;none&quot;,&quot;template_vars&quot;:{&quot;columns&quot;:&quot;4&quot;,&quot;exclude_items&quot;:&quot;none&quot;,&quot;img_size&quot;:&quot;default&quot;,&quot;ignore_items_size&quot;:0,&quot;items_layout&quot;:&quot;341&quot;,&quot;items_offset&quot;:&quot;1&quot;,&quot;load_animation&quot;:&quot;none&quot;,&quot;overriding_link&quot;:&quot;{\\&quot;url\\&quot;:\\&quot;\\&quot;}&quot;,&quot;post_id&quot;:0,&quot;query_args&quot;:{&quot;post_type&quot;:[&quot;attachment&quot;],&quot;post__in&quot;:[&quot;491&quot;,&quot;325&quot;,&quot;328&quot;,&quot;331&quot;],&quot;post_status&quot;:&quot;inherit&quot;,&quot;post_mime_type&quot;:&quot;image&quot;,&quot;posts_per_page&quot;:&quot;4&quot;},&quot;orderby_query_args&quot;:{&quot;orderby&quot;:{&quot;post__in&quot;:&quot;ASC&quot;},&quot;order&quot;:&quot;ASC&quot;},&quot;type&quot;:&quot;grid&quot;,&quot;us_grid_post_type&quot;:&quot;attachment&quot;,&quot;us_grid_ajax_index&quot;:1,&quot;us_grid_filter_query_string&quot;:null,&quot;us_grid_index&quot;:1,&quot;page_args&quot;:[],&quot;lang&quot;:&quot;fr&quot;}}'><\/div>\r\n\t<\/div><\/div><\/div><\/div><\/div><\/section>\n","protected":false},"excerpt":{"rendered":"","protected":false},"author":1,"featured_media":486,"parent":0,"menu_order":0,"comment_status":"closed","ping_status":"closed","template":"","meta":{"footnotes":"","beyondwords_generate_audio":"","beyondwords_integration_method":"","beyondwords_project_id":"","beyondwords_content_id":"","beyondwords_preview_token":"","beyondwords_player_content":"","beyondwords_player_style":"","beyondwords_language_code":"","beyondwords_language_id":"","beyondwords_title_voice_id":"","beyondwords_body_voice_id":"","beyondwords_summary_voice_id":"","beyondwords_error_message":"","beyondwords_disabled":"","beyondwords_delete_content":"","beyondwords_podcast_id":"","beyondwords_hash":"","publish_post_to_speechkit":"","speechkit_hash":"","speechkit_generate_audio":"","speechkit_project_id":"","speechkit_podcast_id":"","speechkit_error_message":"","speechkit_disabled":"","speechkit_access_key":"","speechkit_error":"","speechkit_info":"","speechkit_response":"","speechkit_retries":"","speechkit_status":"","speechkit_updated_at":"","_speechkit_link":"","_speechkit_text":""},"class_list":["post-930","page","type-page","status-publish","has-post-thumbnail","hentry"],"yoast_head":"<!-- This site is optimized with the Yoast SEO plugin v27.4 - https:\/\/yoast.com\/product\/yoast-seo-wordpress\/ -->\n<title>Vieux monast\u00e8re - Monasterio de San Juan de la Pe\u00f1a<\/title>\n<meta name=\"robots\" content=\"index, follow, max-snippet:-1, max-image-preview:large, max-video-preview:-1\" \/>\n<link rel=\"canonical\" href=\"https:\/\/www.monasteriosanjuan.com\/monasterio-viejo\/\" \/>\n<meta property=\"og:locale\" content=\"fr_FR\" \/>\n<meta property=\"og:type\" content=\"article\" \/>\n<meta property=\"og:title\" content=\"Vieux monast\u00e8re - Monasterio de San Juan de la Pe\u00f1a\" \/>\n<meta property=\"og:url\" content=\"https:\/\/www.monasteriosanjuan.com\/monasterio-viejo\/\" \/>\n<meta property=\"og:site_name\" content=\"Monasterio de San Juan de la Pe\u00f1a\" \/>\n<meta property=\"article:publisher\" content=\"https:\/\/www.facebook.com\/TurismodeAragon\/\" \/>\n<meta property=\"article:modified_time\" content=\"2022-03-01T15:42:35+00:00\" \/>\n<meta property=\"og:image\" content=\"https:\/\/www.monasteriosanjuan.com\/wp-content\/uploads\/2022\/01\/monasterio-viejo-4.jpg\" \/>\n\t<meta property=\"og:image:width\" content=\"1920\" \/>\n\t<meta property=\"og:image:height\" content=\"654\" \/>\n\t<meta property=\"og:image:type\" content=\"image\/jpeg\" \/>\n<meta name=\"twitter:card\" content=\"summary_large_image\" \/>\n<meta name=\"twitter:site\" content=\"@aragonturismo\" \/>\n<meta name=\"twitter:label1\" content=\"Dur\u00e9e de lecture estim\u00e9e\" \/>\n\t<meta name=\"twitter:data1\" content=\"4 minutes\" \/>\n<script type=\"application\/ld+json\" class=\"yoast-schema-graph\">{\"@context\":\"https:\\\/\\\/schema.org\",\"@graph\":[{\"@type\":\"WebPage\",\"@id\":\"https:\\\/\\\/www.monasteriosanjuan.com\\\/monasterio-viejo\\\/\",\"url\":\"https:\\\/\\\/www.monasteriosanjuan.com\\\/monasterio-viejo\\\/\",\"name\":\"Vieux monast\u00e8re - Monasterio de San Juan de la Pe\u00f1a\",\"isPartOf\":{\"@id\":\"https:\\\/\\\/www.monasteriosanjuan.com\\\/#website\"},\"primaryImageOfPage\":{\"@id\":\"https:\\\/\\\/www.monasteriosanjuan.com\\\/monasterio-viejo\\\/#primaryimage\"},\"image\":{\"@id\":\"https:\\\/\\\/www.monasteriosanjuan.com\\\/monasterio-viejo\\\/#primaryimage\"},\"thumbnailUrl\":\"https:\\\/\\\/www.monasteriosanjuan.com\\\/wp-content\\\/uploads\\\/2022\\\/01\\\/monasterio-viejo-4.jpg\",\"datePublished\":\"2022-01-05T15:37:30+00:00\",\"dateModified\":\"2022-03-01T15:42:35+00:00\",\"breadcrumb\":{\"@id\":\"https:\\\/\\\/www.monasteriosanjuan.com\\\/monasterio-viejo\\\/#breadcrumb\"},\"inLanguage\":\"fr-FR\",\"potentialAction\":[{\"@type\":\"ReadAction\",\"target\":[\"https:\\\/\\\/www.monasteriosanjuan.com\\\/monasterio-viejo\\\/\"]}]},{\"@type\":\"ImageObject\",\"inLanguage\":\"fr-FR\",\"@id\":\"https:\\\/\\\/www.monasteriosanjuan.com\\\/monasterio-viejo\\\/#primaryimage\",\"url\":\"https:\\\/\\\/www.monasteriosanjuan.com\\\/wp-content\\\/uploads\\\/2022\\\/01\\\/monasterio-viejo-4.jpg\",\"contentUrl\":\"https:\\\/\\\/www.monasteriosanjuan.com\\\/wp-content\\\/uploads\\\/2022\\\/01\\\/monasterio-viejo-4.jpg\",\"width\":1920,\"height\":654,\"caption\":\"Monasterio Viejo\"},{\"@type\":\"BreadcrumbList\",\"@id\":\"https:\\\/\\\/www.monasteriosanjuan.com\\\/monasterio-viejo\\\/#breadcrumb\",\"itemListElement\":[{\"@type\":\"ListItem\",\"position\":1,\"name\":\"Portada\",\"item\":\"https:\\\/\\\/www.monasteriosanjuan.com\\\/fr\\\/\"},{\"@type\":\"ListItem\",\"position\":2,\"name\":\"Vieux monast\u00e8re\"}]},{\"@type\":\"WebSite\",\"@id\":\"https:\\\/\\\/www.monasteriosanjuan.com\\\/#website\",\"url\":\"https:\\\/\\\/www.monasteriosanjuan.com\\\/\",\"name\":\"Monasterio de San Juan de la Pe\u00f1a\",\"description\":\"\",\"publisher\":{\"@id\":\"https:\\\/\\\/www.monasteriosanjuan.com\\\/#organization\"},\"potentialAction\":[{\"@type\":\"SearchAction\",\"target\":{\"@type\":\"EntryPoint\",\"urlTemplate\":\"https:\\\/\\\/www.monasteriosanjuan.com\\\/?s={search_term_string}\"},\"query-input\":{\"@type\":\"PropertyValueSpecification\",\"valueRequired\":true,\"valueName\":\"search_term_string\"}}],\"inLanguage\":\"fr-FR\"},{\"@type\":\"Organization\",\"@id\":\"https:\\\/\\\/www.monasteriosanjuan.com\\\/#organization\",\"name\":\"Monasterio de San Juan de la Pe\u00f1a\",\"url\":\"https:\\\/\\\/www.monasteriosanjuan.com\\\/\",\"logo\":{\"@type\":\"ImageObject\",\"inLanguage\":\"fr-FR\",\"@id\":\"https:\\\/\\\/www.monasteriosanjuan.com\\\/#\\\/schema\\\/logo\\\/image\\\/\",\"url\":\"https:\\\/\\\/www.monasteriosanjuan.com\\\/wp-content\\\/uploads\\\/2022\\\/01\\\/logo-san-juan.png\",\"contentUrl\":\"https:\\\/\\\/www.monasteriosanjuan.com\\\/wp-content\\\/uploads\\\/2022\\\/01\\\/logo-san-juan.png\",\"width\":500,\"height\":500,\"caption\":\"Monasterio de San Juan de la Pe\u00f1a\"},\"image\":{\"@id\":\"https:\\\/\\\/www.monasteriosanjuan.com\\\/#\\\/schema\\\/logo\\\/image\\\/\"},\"sameAs\":[\"https:\\\/\\\/www.facebook.com\\\/TurismodeAragon\\\/\",\"https:\\\/\\\/x.com\\\/aragonturismo\"]}]}<\/script>\n<!-- \/ Yoast SEO plugin. -->","yoast_head_json":{"title":"Vieux monast\u00e8re - Monasterio de San Juan de la Pe\u00f1a","robots":{"index":"index","follow":"follow","max-snippet":"max-snippet:-1","max-image-preview":"max-image-preview:large","max-video-preview":"max-video-preview:-1"},"canonical":"https:\/\/www.monasteriosanjuan.com\/monasterio-viejo\/","og_locale":"fr_FR","og_type":"article","og_title":"Vieux monast\u00e8re - Monasterio de San Juan de la Pe\u00f1a","og_url":"https:\/\/www.monasteriosanjuan.com\/monasterio-viejo\/","og_site_name":"Monasterio de San Juan de la Pe\u00f1a","article_publisher":"https:\/\/www.facebook.com\/TurismodeAragon\/","article_modified_time":"2022-03-01T15:42:35+00:00","og_image":[{"width":1920,"height":654,"url":"https:\/\/www.monasteriosanjuan.com\/wp-content\/uploads\/2022\/01\/monasterio-viejo-4.jpg","type":"image\/jpeg"}],"twitter_card":"summary_large_image","twitter_site":"@aragonturismo","twitter_misc":{"Dur\u00e9e de lecture estim\u00e9e":"4 minutes"},"schema":{"@context":"https:\/\/schema.org","@graph":[{"@type":"WebPage","@id":"https:\/\/www.monasteriosanjuan.com\/monasterio-viejo\/","url":"https:\/\/www.monasteriosanjuan.com\/monasterio-viejo\/","name":"Vieux monast\u00e8re - Monasterio de San Juan de la Pe\u00f1a","isPartOf":{"@id":"https:\/\/www.monasteriosanjuan.com\/#website"},"primaryImageOfPage":{"@id":"https:\/\/www.monasteriosanjuan.com\/monasterio-viejo\/#primaryimage"},"image":{"@id":"https:\/\/www.monasteriosanjuan.com\/monasterio-viejo\/#primaryimage"},"thumbnailUrl":"https:\/\/www.monasteriosanjuan.com\/wp-content\/uploads\/2022\/01\/monasterio-viejo-4.jpg","datePublished":"2022-01-05T15:37:30+00:00","dateModified":"2022-03-01T15:42:35+00:00","breadcrumb":{"@id":"https:\/\/www.monasteriosanjuan.com\/monasterio-viejo\/#breadcrumb"},"inLanguage":"fr-FR","potentialAction":[{"@type":"ReadAction","target":["https:\/\/www.monasteriosanjuan.com\/monasterio-viejo\/"]}]},{"@type":"ImageObject","inLanguage":"fr-FR","@id":"https:\/\/www.monasteriosanjuan.com\/monasterio-viejo\/#primaryimage","url":"https:\/\/www.monasteriosanjuan.com\/wp-content\/uploads\/2022\/01\/monasterio-viejo-4.jpg","contentUrl":"https:\/\/www.monasteriosanjuan.com\/wp-content\/uploads\/2022\/01\/monasterio-viejo-4.jpg","width":1920,"height":654,"caption":"Monasterio Viejo"},{"@type":"BreadcrumbList","@id":"https:\/\/www.monasteriosanjuan.com\/monasterio-viejo\/#breadcrumb","itemListElement":[{"@type":"ListItem","position":1,"name":"Portada","item":"https:\/\/www.monasteriosanjuan.com\/fr\/"},{"@type":"ListItem","position":2,"name":"Vieux monast\u00e8re"}]},{"@type":"WebSite","@id":"https:\/\/www.monasteriosanjuan.com\/#website","url":"https:\/\/www.monasteriosanjuan.com\/","name":"Monasterio de San Juan de la Pe\u00f1a","description":"","publisher":{"@id":"https:\/\/www.monasteriosanjuan.com\/#organization"},"potentialAction":[{"@type":"SearchAction","target":{"@type":"EntryPoint","urlTemplate":"https:\/\/www.monasteriosanjuan.com\/?s={search_term_string}"},"query-input":{"@type":"PropertyValueSpecification","valueRequired":true,"valueName":"search_term_string"}}],"inLanguage":"fr-FR"},{"@type":"Organization","@id":"https:\/\/www.monasteriosanjuan.com\/#organization","name":"Monasterio de San Juan de la Pe\u00f1a","url":"https:\/\/www.monasteriosanjuan.com\/","logo":{"@type":"ImageObject","inLanguage":"fr-FR","@id":"https:\/\/www.monasteriosanjuan.com\/#\/schema\/logo\/image\/","url":"https:\/\/www.monasteriosanjuan.com\/wp-content\/uploads\/2022\/01\/logo-san-juan.png","contentUrl":"https:\/\/www.monasteriosanjuan.com\/wp-content\/uploads\/2022\/01\/logo-san-juan.png","width":500,"height":500,"caption":"Monasterio de San Juan de la Pe\u00f1a"},"image":{"@id":"https:\/\/www.monasteriosanjuan.com\/#\/schema\/logo\/image\/"},"sameAs":["https:\/\/www.facebook.com\/TurismodeAragon\/","https:\/\/x.com\/aragonturismo"]}]}},"_links":{"self":[{"href":"https:\/\/www.monasteriosanjuan.com\/fr\/wp-json\/wp\/v2\/pages\/930","targetHints":{"allow":["GET"]}}],"collection":[{"href":"https:\/\/www.monasteriosanjuan.com\/fr\/wp-json\/wp\/v2\/pages"}],"about":[{"href":"https:\/\/www.monasteriosanjuan.com\/fr\/wp-json\/wp\/v2\/types\/page"}],"author":[{"embeddable":true,"href":"https:\/\/www.monasteriosanjuan.com\/fr\/wp-json\/wp\/v2\/users\/1"}],"replies":[{"embeddable":true,"href":"https:\/\/www.monasteriosanjuan.com\/fr\/wp-json\/wp\/v2\/comments?post=930"}],"version-history":[{"count":0,"href":"https:\/\/www.monasteriosanjuan.com\/fr\/wp-json\/wp\/v2\/pages\/930\/revisions"}],"wp:featuredmedia":[{"embeddable":true,"href":"https:\/\/www.monasteriosanjuan.com\/fr\/wp-json\/wp\/v2\/media\/486"}],"wp:attachment":[{"href":"https:\/\/www.monasteriosanjuan.com\/fr\/wp-json\/wp\/v2\/media?parent=930"}],"curies":[{"name":"wp","href":"https:\/\/api.w.org\/{rel}","templated":true}]}}