{"id":928,"date":"2022-01-17T17:03:02","date_gmt":"2022-01-17T16:03:02","guid":{"rendered":"https:\/\/monasteriosanjuan.com\/monasterio-nuevo\/"},"modified":"2022-03-24T13:25:18","modified_gmt":"2022-03-24T12:25:18","slug":"monasterio-nuevo","status":"publish","type":"page","link":"https:\/\/www.monasteriosanjuan.com\/fr\/monasterio-nuevo\/","title":{"rendered":"Nouveau monast\u00e8re"},"content":{"rendered":"<section class=\"l-section wpb_row height_medium\"><div class=\"l-section-h i-cf\"><div class=\"g-cols vc_row via_grid cols_1 laptops-cols_inherit tablets-cols_inherit mobiles-cols_1 valign_top type_default stacking_default\"><div class=\"wpb_column vc_column_container\"><div class=\"vc_column-inner\"><div class=\"wpb_text_column\"><div class=\"wpb_wrapper\"><p>\u00c0 la suite du terrible incendie de l&rsquo;ann\u00e9e 1675 on a pris la d\u00e9cision de construire un <strong>nouveau monast\u00e8re<\/strong>. Son placement a \u00e9t\u00e9 choisi dans un lieu prochain, connu comme la <strong>Plaine de Saint Indalecio<\/strong>, une belle prairie situ\u00e9e sur la grande roche qui r\u00e9unissait des conditions convenables pour commencer une nouvelle vie.<\/p>\n<p>La construction de la nouvelle usine a \u00e9t\u00e9 commenc\u00e9e \u00e0 l&rsquo;ann\u00e9e <strong>1676<\/strong>. La dur\u00e9e des travaux est arriv\u00e9e jusqu&rsquo;aux premi\u00e8res ann\u00e9es du XIXe si\u00e8cle, et pendant tout ce temps les moines ont re\u00e7u l\u00b4assistance technique de nombreux professionnels, \u00e9tant fondamental la t\u00e2che de l&rsquo;architecte de Saragosse <strong>Miguel Xim\u00e9nez<\/strong>, qui a con\u00e7u cet ensemble monastique.<\/p>\n<\/div><\/div><\/div><\/div><\/div><\/div><\/section><section class=\"l-section wpb_row height_medium with_img parallax_ver\"><div class=\"l-section-img\" role=\"img\" aria-label=\"Monasterio Nuevo San Juan de la Pe\u00f1a\" data-img-width=\"1920\" data-img-height=\"1000\" style=\"background-image: url(https:\/\/www.monasteriosanjuan.com\/wp-content\/uploads\/2022\/01\/monasterio-nuevo-4.jpg);\"><\/div><div class=\"l-section-h i-cf\"><div class=\"g-cols vc_row via_grid cols_2 laptops-cols_inherit tablets-cols_inherit mobiles-cols_1 valign_top type_default stacking_default\"><div class=\"wpb_column vc_column_container\"><div class=\"vc_column-inner\"><\/div><\/div><div class=\"wpb_column vc_column_container\"><div class=\"vc_column-inner\"><div class=\"wpb_text_column us_custom_f3aa74ea has_text_color\"><div class=\"wpb_wrapper\"><p>Le plan du b\u00e2timent constitue un des exemples les plus parfaits et \u00e9volu\u00e9s de l&rsquo;architecture monastique dans l&rsquo;Age Moderne, par sa sym\u00e9trie, par la multiplication de ses clo\u00eetres et par l&rsquo;organisation rationnelle que poss\u00e9dait le projet original, lequel malheureusement, n&rsquo;a jamais pu \u00eatre r\u00e9alis\u00e9 avec succ\u00e8s dans sa totalit\u00e9.<\/p>\n<\/div><\/div><\/div><\/div><\/div><\/div><\/section><section class=\"l-section wpb_row height_small\"><div class=\"l-section-h i-cf\"><div class=\"g-cols vc_row via_grid cols_1 laptops-cols_inherit tablets-cols_inherit mobiles-cols_1 valign_top type_default stacking_default\"><div class=\"wpb_column vc_column_container\"><div class=\"vc_column-inner\"><div class=\"wpb_text_column\"><div class=\"wpb_wrapper\"><p>La fa\u00e7ade de l&rsquo;\u00e9glise est un des aspects les plus int\u00e9ressants du monast\u00e8re baroque. \u00c0 remarquer sp\u00e9cialement son exub\u00e9rante d\u00e9coration v\u00e9g\u00e9tale bas\u00e9e en \u00e9l\u00e9ments enroul\u00e9s en chapiteaux et diff\u00e9rents types de fleurs, des feuilles d&rsquo;acanthes et tiges, bien que nous trouvions aussi des formes figur\u00e9es comme des t\u00eates de puttis et de deux anges en train de soutenir un singulier blason dans la partie sup\u00e9rieure. Dans leurs niches, sont repr\u00e9sent\u00e9s trois saints tr\u00e8s attach\u00e9s aux moines qui habit\u00e8rent entre ces murs. Dans le portail central il y une repr\u00e9sentation de <strong>Saint Jean Batiste<\/strong> (patron de cette Communaut\u00e9), \u00e0 gauche il y en une de <strong>Saint Indalecio<\/strong> (invocation de la prairie dans laquelle se situe le b\u00e2timent), et \u00e0 droite une d\u00e9di\u00e9e \u00e0 <strong>Saint Beno\u00eet<\/strong>. (Fondateur de l&rsquo;ordre monastique qui se professait \u00e0 San Juan de la Pe\u00f1a).<\/p>\n<\/div><\/div><\/div><\/div><\/div><\/div><\/section><section class=\"l-section wpb_row height_small width_full\"><div class=\"l-section-h i-cf\"><div class=\"g-cols vc_row via_grid cols_1 laptops-cols_inherit tablets-cols_inherit mobiles-cols_1 valign_top type_default stacking_default\"><div class=\"wpb_column vc_column_container\"><div class=\"vc_column-inner\"><div class=\"w-image align_center\"><a ref=\"magnificPopup\" href=\"https:\/\/www.monasteriosanjuan.com\/wp-content\/uploads\/2022\/01\/pradera-san-indalecio.jpg\" aria-label=\"pradera-san-indalecio\" class=\"w-image-h\"><img decoding=\"async\" width=\"1920\" height=\"522\" src=\"https:\/\/www.monasteriosanjuan.com\/wp-content\/uploads\/2022\/01\/pradera-san-indalecio.jpg\" class=\"attachment-full size-full\" alt=\"Pradera de San Indalecio\" loading=\"lazy\" srcset=\"https:\/\/www.monasteriosanjuan.com\/wp-content\/uploads\/2022\/01\/pradera-san-indalecio.jpg 1920w, https:\/\/www.monasteriosanjuan.com\/wp-content\/uploads\/2022\/01\/pradera-san-indalecio-300x82.jpg 300w, https:\/\/www.monasteriosanjuan.com\/wp-content\/uploads\/2022\/01\/pradera-san-indalecio-1024x278.jpg 1024w\" sizes=\"auto, (max-width: 1920px) 100vw, 1920px\" \/><\/a><\/div><\/div><\/div><\/div><\/div><\/section><section class=\"l-section wpb_row height_small\"><div class=\"l-section-h i-cf\"><div class=\"g-cols vc_row via_grid cols_1 laptops-cols_inherit tablets-cols_inherit mobiles-cols_1 valign_top type_default stacking_default\"><div class=\"wpb_column vc_column_container\"><div class=\"vc_column-inner\"><div class=\"wpb_text_column\"><div class=\"wpb_wrapper\"><p>Les d\u00e9pendances ont \u00e9t\u00e9 abandonn\u00e9es \u00e0 l&rsquo;ann\u00e9e 1835 et \u00e0 partir de ce moment le b\u00e2timent a commenc\u00e9 \u00e0 se d\u00e9t\u00e9riorer progressivement pour rester dans un p\u00e9nible \u00e9tat de ruine vers le milieu du XXe si\u00e8cle. Apr\u00e8s une profonde r\u00e9habilitation, entreprise par le <strong>Gouvernement d&rsquo;Aragon<\/strong>, le <strong>Nouveau Monast\u00e8re de San Juan de la Pe\u00f1a<\/strong> loge dans son int\u00e9rieur le <a href=\"https:\/\/monasteriosanjuan.com\/fr\/centro-de-interpretacion-del-monasterio\/\"><strong>Centre d&rsquo;Interpr\u00e9tation du \u00ab\u00a0Monast\u00e8re de San Juan de la Pe\u00f1a\u00a0\u00bb<\/strong><\/a>.<\/p>\n<\/div><\/div><div class=\"w-separator size_small\"><\/div><\/div><\/div><\/div><\/div><\/section><section class=\"l-section wpb_row us_custom_f58a0cb9 height_medium width_full with_img parallax_ver\"><div class=\"l-section-img\" role=\"img\" aria-label=\"Fondo claro\" data-img-width=\"1920\" data-img-height=\"700\" style=\"background-image: url(https:\/\/www.monasteriosanjuan.com\/wp-content\/uploads\/2022\/01\/fondo-claro.jpg);\"><\/div><div class=\"l-section-h i-cf\"><div class=\"g-cols vc_row via_grid cols_1 laptops-cols_inherit tablets-cols_inherit mobiles-cols_1 valign_top type_default stacking_default\"><div class=\"wpb_column vc_column_container\"><div class=\"vc_column-inner\"><div class=\"w-grid us_grid type_grid layout_341 cols_4 preload_style_spinner\" id=\"us_grid_1\" style=\"--columns:4;--gap:1.5rem;\" data-filterable=\"true\"><style>@media (max-width:1280px){#us_grid_1{--columns:3!important}}@media (max-width:1024px){#us_grid_1{--columns:2!important}}@media (max-width:600px){#us_grid_1{--columns:1!important}}.layout_341 .w-grid-item-h{background:#000000}.layout_341 .usg_post_image_1{transition-duration:0.3s;transform-origin:50% 50%;transform:scale(1) translate(0%,0%)}.layout_341 .w-grid-item-h:focus-within .usg_post_image_1,.layout_341 .w-grid-item-h:hover .usg_post_image_1{transform:scale(1.05) translate(0%,0%);opacity:0.8}<\/style><div class=\"w-grid-list\">\t<article class=\"w-grid-item size_1x1 post-512 attachment type-attachment status-inherit hentry\" data-id=\"512\">\r\n\t\t<div class=\"w-grid-item-h\">\r\n\t\t\t\t\t\t<div class=\"w-post-elm post_image usg_post_image_1 stretched\"><a ref=\"magnificPopup\" href=\"https:\/\/www.monasteriosanjuan.com\/wp-content\/uploads\/2022\/01\/paisaje-san-juan-de-la-pena.jpg\" aria-label=\"paisaje-san-juan-de-la-pe\u00f1a\"><img loading=\"lazy\" decoding=\"async\" width=\"1024\" height=\"683\" src=\"https:\/\/www.monasteriosanjuan.com\/wp-content\/uploads\/2022\/01\/paisaje-san-juan-de-la-pena-1024x683.jpg\" class=\"attachment-large size-large\" alt=\"San Juan de la Pe\u00f1a\" srcset=\"https:\/\/www.monasteriosanjuan.com\/wp-content\/uploads\/2022\/01\/paisaje-san-juan-de-la-pena-1024x683.jpg 1024w, https:\/\/www.monasteriosanjuan.com\/wp-content\/uploads\/2022\/01\/paisaje-san-juan-de-la-pena-300x200.jpg 300w, https:\/\/www.monasteriosanjuan.com\/wp-content\/uploads\/2022\/01\/paisaje-san-juan-de-la-pena.jpg 1200w\" sizes=\"auto, (max-width: 1024px) 100vw, 1024px\" \/><\/a><\/div>\t\t<\/div>\r\n\t\t\t<\/article>\r\n\t<article class=\"w-grid-item size_1x1 post-346 attachment type-attachment status-inherit hentry\" data-id=\"346\">\r\n\t\t<div class=\"w-grid-item-h\">\r\n\t\t\t\t\t\t<div class=\"w-post-elm post_image usg_post_image_1 stretched\"><a ref=\"magnificPopup\" href=\"https:\/\/www.monasteriosanjuan.com\/wp-content\/uploads\/2022\/01\/monasterio-nuevo-galeria01.jpg\" aria-label=\"monasterio-nuevo-galeria01\"><img loading=\"lazy\" decoding=\"async\" width=\"1024\" height=\"683\" src=\"https:\/\/www.monasteriosanjuan.com\/wp-content\/uploads\/2022\/01\/monasterio-nuevo-galeria01-1024x683.jpg\" class=\"attachment-large size-large\" alt=\"\" srcset=\"https:\/\/www.monasteriosanjuan.com\/wp-content\/uploads\/2022\/01\/monasterio-nuevo-galeria01-1024x683.jpg 1024w, https:\/\/www.monasteriosanjuan.com\/wp-content\/uploads\/2022\/01\/monasterio-nuevo-galeria01-300x200.jpg 300w, https:\/\/www.monasteriosanjuan.com\/wp-content\/uploads\/2022\/01\/monasterio-nuevo-galeria01.jpg 1200w\" sizes=\"auto, (max-width: 1024px) 100vw, 1024px\" \/><\/a><\/div>\t\t<\/div>\r\n\t\t\t<\/article>\r\n\t<article class=\"w-grid-item size_1x1 post-352 attachment type-attachment status-inherit hentry\" data-id=\"352\">\r\n\t\t<div class=\"w-grid-item-h\">\r\n\t\t\t\t\t\t<div class=\"w-post-elm post_image usg_post_image_1 stretched\"><a ref=\"magnificPopup\" href=\"https:\/\/www.monasteriosanjuan.com\/wp-content\/uploads\/2022\/01\/monasterio-nuevo-galeria03.jpg\" aria-label=\"monasterio-nuevo-galeria03\"><img loading=\"lazy\" decoding=\"async\" width=\"1024\" height=\"683\" src=\"https:\/\/www.monasteriosanjuan.com\/wp-content\/uploads\/2022\/01\/monasterio-nuevo-galeria03-1024x683.jpg\" class=\"attachment-large size-large\" alt=\"\" srcset=\"https:\/\/www.monasteriosanjuan.com\/wp-content\/uploads\/2022\/01\/monasterio-nuevo-galeria03-1024x683.jpg 1024w, https:\/\/www.monasteriosanjuan.com\/wp-content\/uploads\/2022\/01\/monasterio-nuevo-galeria03-300x200.jpg 300w, https:\/\/www.monasteriosanjuan.com\/wp-content\/uploads\/2022\/01\/monasterio-nuevo-galeria03.jpg 1200w\" sizes=\"auto, (max-width: 1024px) 100vw, 1024px\" \/><\/a><\/div>\t\t<\/div>\r\n\t\t\t<\/article>\r\n\t<article class=\"w-grid-item size_1x1 post-355 attachment type-attachment status-inherit hentry\" data-id=\"355\">\r\n\t\t<div class=\"w-grid-item-h\">\r\n\t\t\t\t\t\t<div class=\"w-post-elm post_image usg_post_image_1 stretched\"><a ref=\"magnificPopup\" href=\"https:\/\/www.monasteriosanjuan.com\/wp-content\/uploads\/2022\/01\/monasterio-nuevo-galeria04.jpg\" aria-label=\"monasterio-nuevo-galeria04\"><img loading=\"lazy\" decoding=\"async\" width=\"1024\" height=\"685\" src=\"https:\/\/www.monasteriosanjuan.com\/wp-content\/uploads\/2022\/01\/monasterio-nuevo-galeria04-1024x685.jpg\" class=\"attachment-large size-large\" alt=\"\" srcset=\"https:\/\/www.monasteriosanjuan.com\/wp-content\/uploads\/2022\/01\/monasterio-nuevo-galeria04-1024x685.jpg 1024w, https:\/\/www.monasteriosanjuan.com\/wp-content\/uploads\/2022\/01\/monasterio-nuevo-galeria04-300x201.jpg 300w, https:\/\/www.monasteriosanjuan.com\/wp-content\/uploads\/2022\/01\/monasterio-nuevo-galeria04.jpg 1200w\" sizes=\"auto, (max-width: 1024px) 100vw, 1024px\" \/><\/a><\/div>\t\t<\/div>\r\n\t\t\t<\/article>\r\n<\/div>\t<div class=\"w-grid-preloader\">\r\n\t\t<div class=\"g-preloader type_1\">\r\n\t\t\t<div><\/div>\r\n\t\t<\/div>\r\n\t<\/div>\r\n\t\t<div class=\"w-grid-json hidden\" onclick='return {&quot;action&quot;:&quot;us_ajax_grid&quot;,&quot;infinite_scroll&quot;:0,&quot;max_num_pages&quot;:1,&quot;pagination&quot;:&quot;none&quot;,&quot;template_vars&quot;:{&quot;columns&quot;:&quot;4&quot;,&quot;exclude_items&quot;:&quot;none&quot;,&quot;img_size&quot;:&quot;default&quot;,&quot;ignore_items_size&quot;:0,&quot;items_layout&quot;:&quot;341&quot;,&quot;items_offset&quot;:&quot;1&quot;,&quot;load_animation&quot;:&quot;none&quot;,&quot;overriding_link&quot;:&quot;{\\&quot;url\\&quot;:\\&quot;\\&quot;}&quot;,&quot;post_id&quot;:0,&quot;query_args&quot;:{&quot;post_type&quot;:[&quot;attachment&quot;],&quot;post__in&quot;:[&quot;510&quot;,&quot;344&quot;,&quot;350&quot;,&quot;353&quot;],&quot;post_status&quot;:&quot;inherit&quot;,&quot;post_mime_type&quot;:&quot;image&quot;,&quot;posts_per_page&quot;:&quot;4&quot;},&quot;orderby_query_args&quot;:{&quot;orderby&quot;:{&quot;post__in&quot;:&quot;ASC&quot;},&quot;order&quot;:&quot;ASC&quot;},&quot;type&quot;:&quot;grid&quot;,&quot;us_grid_post_type&quot;:&quot;attachment&quot;,&quot;us_grid_ajax_index&quot;:1,&quot;us_grid_filter_query_string&quot;:null,&quot;us_grid_index&quot;:1,&quot;page_args&quot;:[],&quot;lang&quot;:&quot;fr&quot;}}'><\/div>\r\n\t<\/div><\/div><\/div><\/div><\/div><\/section>\n","protected":false},"excerpt":{"rendered":"","protected":false},"author":1,"featured_media":212,"parent":0,"menu_order":0,"comment_status":"closed","ping_status":"closed","template":"","meta":{"footnotes":"","beyondwords_generate_audio":"","beyondwords_integration_method":"","beyondwords_project_id":"","beyondwords_content_id":"","beyondwords_preview_token":"","beyondwords_player_content":"","beyondwords_player_style":"","beyondwords_language_code":"","beyondwords_language_id":"","beyondwords_title_voice_id":"","beyondwords_body_voice_id":"","beyondwords_summary_voice_id":"","beyondwords_error_message":"","beyondwords_disabled":"","beyondwords_delete_content":"","beyondwords_podcast_id":"","beyondwords_hash":"","publish_post_to_speechkit":"","speechkit_hash":"","speechkit_generate_audio":"","speechkit_project_id":"","speechkit_podcast_id":"","speechkit_error_message":"","speechkit_disabled":"","speechkit_access_key":"","speechkit_error":"","speechkit_info":"","speechkit_response":"","speechkit_retries":"","speechkit_status":"","speechkit_updated_at":"","_speechkit_link":"","_speechkit_text":""},"class_list":["post-928","page","type-page","status-publish","has-post-thumbnail","hentry"],"yoast_head":"<!-- This site is optimized with the Yoast SEO plugin v27.4 - https:\/\/yoast.com\/product\/yoast-seo-wordpress\/ -->\n<title>Nouveau monast\u00e8re - Monasterio de San Juan de la Pe\u00f1a<\/title>\n<meta name=\"robots\" content=\"index, follow, max-snippet:-1, max-image-preview:large, max-video-preview:-1\" \/>\n<link rel=\"canonical\" href=\"https:\/\/www.monasteriosanjuan.com\/monasterio-nuevo\/\" \/>\n<meta property=\"og:locale\" content=\"fr_FR\" \/>\n<meta property=\"og:type\" content=\"article\" \/>\n<meta property=\"og:title\" content=\"Nouveau monast\u00e8re - Monasterio de San Juan de la Pe\u00f1a\" \/>\n<meta property=\"og:url\" content=\"https:\/\/www.monasteriosanjuan.com\/monasterio-nuevo\/\" \/>\n<meta property=\"og:site_name\" content=\"Monasterio de San Juan de la Pe\u00f1a\" \/>\n<meta property=\"article:publisher\" content=\"https:\/\/www.facebook.com\/TurismodeAragon\/\" \/>\n<meta property=\"article:modified_time\" content=\"2022-03-24T12:25:18+00:00\" \/>\n<meta property=\"og:image\" content=\"https:\/\/www.monasteriosanjuan.com\/wp-content\/uploads\/2022\/01\/monasterio-nuevo-1.jpg\" \/>\n\t<meta property=\"og:image:width\" content=\"1920\" \/>\n\t<meta property=\"og:image:height\" content=\"601\" \/>\n\t<meta property=\"og:image:type\" content=\"image\/jpeg\" \/>\n<meta name=\"twitter:card\" content=\"summary_large_image\" \/>\n<meta name=\"twitter:site\" content=\"@aragonturismo\" \/>\n<meta name=\"twitter:label1\" content=\"Dur\u00e9e de lecture estim\u00e9e\" \/>\n\t<meta name=\"twitter:data1\" content=\"3 minutes\" \/>\n<script type=\"application\/ld+json\" class=\"yoast-schema-graph\">{\"@context\":\"https:\\\/\\\/schema.org\",\"@graph\":[{\"@type\":\"WebPage\",\"@id\":\"https:\\\/\\\/www.monasteriosanjuan.com\\\/monasterio-nuevo\\\/\",\"url\":\"https:\\\/\\\/www.monasteriosanjuan.com\\\/monasterio-nuevo\\\/\",\"name\":\"Nouveau monast\u00e8re - Monasterio de San Juan de la Pe\u00f1a\",\"isPartOf\":{\"@id\":\"https:\\\/\\\/www.monasteriosanjuan.com\\\/#website\"},\"primaryImageOfPage\":{\"@id\":\"https:\\\/\\\/www.monasteriosanjuan.com\\\/monasterio-nuevo\\\/#primaryimage\"},\"image\":{\"@id\":\"https:\\\/\\\/www.monasteriosanjuan.com\\\/monasterio-nuevo\\\/#primaryimage\"},\"thumbnailUrl\":\"https:\\\/\\\/www.monasteriosanjuan.com\\\/wp-content\\\/uploads\\\/2022\\\/01\\\/monasterio-nuevo-1.jpg\",\"datePublished\":\"2022-01-17T16:03:02+00:00\",\"dateModified\":\"2022-03-24T12:25:18+00:00\",\"breadcrumb\":{\"@id\":\"https:\\\/\\\/www.monasteriosanjuan.com\\\/monasterio-nuevo\\\/#breadcrumb\"},\"inLanguage\":\"fr-FR\",\"potentialAction\":[{\"@type\":\"ReadAction\",\"target\":[\"https:\\\/\\\/www.monasteriosanjuan.com\\\/monasterio-nuevo\\\/\"]}]},{\"@type\":\"ImageObject\",\"inLanguage\":\"fr-FR\",\"@id\":\"https:\\\/\\\/www.monasteriosanjuan.com\\\/monasterio-nuevo\\\/#primaryimage\",\"url\":\"https:\\\/\\\/www.monasteriosanjuan.com\\\/wp-content\\\/uploads\\\/2022\\\/01\\\/monasterio-nuevo-1.jpg\",\"contentUrl\":\"https:\\\/\\\/www.monasteriosanjuan.com\\\/wp-content\\\/uploads\\\/2022\\\/01\\\/monasterio-nuevo-1.jpg\",\"width\":1920,\"height\":601,\"caption\":\"monasterio nuevo\"},{\"@type\":\"BreadcrumbList\",\"@id\":\"https:\\\/\\\/www.monasteriosanjuan.com\\\/monasterio-nuevo\\\/#breadcrumb\",\"itemListElement\":[{\"@type\":\"ListItem\",\"position\":1,\"name\":\"Portada\",\"item\":\"https:\\\/\\\/www.monasteriosanjuan.com\\\/fr\\\/\"},{\"@type\":\"ListItem\",\"position\":2,\"name\":\"Nouveau monast\u00e8re\"}]},{\"@type\":\"WebSite\",\"@id\":\"https:\\\/\\\/www.monasteriosanjuan.com\\\/#website\",\"url\":\"https:\\\/\\\/www.monasteriosanjuan.com\\\/\",\"name\":\"Monasterio de San Juan de la Pe\u00f1a\",\"description\":\"\",\"publisher\":{\"@id\":\"https:\\\/\\\/www.monasteriosanjuan.com\\\/#organization\"},\"potentialAction\":[{\"@type\":\"SearchAction\",\"target\":{\"@type\":\"EntryPoint\",\"urlTemplate\":\"https:\\\/\\\/www.monasteriosanjuan.com\\\/?s={search_term_string}\"},\"query-input\":{\"@type\":\"PropertyValueSpecification\",\"valueRequired\":true,\"valueName\":\"search_term_string\"}}],\"inLanguage\":\"fr-FR\"},{\"@type\":\"Organization\",\"@id\":\"https:\\\/\\\/www.monasteriosanjuan.com\\\/#organization\",\"name\":\"Monasterio de San Juan de la Pe\u00f1a\",\"url\":\"https:\\\/\\\/www.monasteriosanjuan.com\\\/\",\"logo\":{\"@type\":\"ImageObject\",\"inLanguage\":\"fr-FR\",\"@id\":\"https:\\\/\\\/www.monasteriosanjuan.com\\\/#\\\/schema\\\/logo\\\/image\\\/\",\"url\":\"https:\\\/\\\/www.monasteriosanjuan.com\\\/wp-content\\\/uploads\\\/2022\\\/01\\\/logo-san-juan.png\",\"contentUrl\":\"https:\\\/\\\/www.monasteriosanjuan.com\\\/wp-content\\\/uploads\\\/2022\\\/01\\\/logo-san-juan.png\",\"width\":500,\"height\":500,\"caption\":\"Monasterio de San Juan de la Pe\u00f1a\"},\"image\":{\"@id\":\"https:\\\/\\\/www.monasteriosanjuan.com\\\/#\\\/schema\\\/logo\\\/image\\\/\"},\"sameAs\":[\"https:\\\/\\\/www.facebook.com\\\/TurismodeAragon\\\/\",\"https:\\\/\\\/x.com\\\/aragonturismo\"]}]}<\/script>\n<!-- \/ Yoast SEO plugin. -->","yoast_head_json":{"title":"Nouveau monast\u00e8re - Monasterio de San Juan de la Pe\u00f1a","robots":{"index":"index","follow":"follow","max-snippet":"max-snippet:-1","max-image-preview":"max-image-preview:large","max-video-preview":"max-video-preview:-1"},"canonical":"https:\/\/www.monasteriosanjuan.com\/monasterio-nuevo\/","og_locale":"fr_FR","og_type":"article","og_title":"Nouveau monast\u00e8re - Monasterio de San Juan de la Pe\u00f1a","og_url":"https:\/\/www.monasteriosanjuan.com\/monasterio-nuevo\/","og_site_name":"Monasterio de San Juan de la Pe\u00f1a","article_publisher":"https:\/\/www.facebook.com\/TurismodeAragon\/","article_modified_time":"2022-03-24T12:25:18+00:00","og_image":[{"width":1920,"height":601,"url":"https:\/\/www.monasteriosanjuan.com\/wp-content\/uploads\/2022\/01\/monasterio-nuevo-1.jpg","type":"image\/jpeg"}],"twitter_card":"summary_large_image","twitter_site":"@aragonturismo","twitter_misc":{"Dur\u00e9e de lecture estim\u00e9e":"3 minutes"},"schema":{"@context":"https:\/\/schema.org","@graph":[{"@type":"WebPage","@id":"https:\/\/www.monasteriosanjuan.com\/monasterio-nuevo\/","url":"https:\/\/www.monasteriosanjuan.com\/monasterio-nuevo\/","name":"Nouveau monast\u00e8re - Monasterio de San Juan de la Pe\u00f1a","isPartOf":{"@id":"https:\/\/www.monasteriosanjuan.com\/#website"},"primaryImageOfPage":{"@id":"https:\/\/www.monasteriosanjuan.com\/monasterio-nuevo\/#primaryimage"},"image":{"@id":"https:\/\/www.monasteriosanjuan.com\/monasterio-nuevo\/#primaryimage"},"thumbnailUrl":"https:\/\/www.monasteriosanjuan.com\/wp-content\/uploads\/2022\/01\/monasterio-nuevo-1.jpg","datePublished":"2022-01-17T16:03:02+00:00","dateModified":"2022-03-24T12:25:18+00:00","breadcrumb":{"@id":"https:\/\/www.monasteriosanjuan.com\/monasterio-nuevo\/#breadcrumb"},"inLanguage":"fr-FR","potentialAction":[{"@type":"ReadAction","target":["https:\/\/www.monasteriosanjuan.com\/monasterio-nuevo\/"]}]},{"@type":"ImageObject","inLanguage":"fr-FR","@id":"https:\/\/www.monasteriosanjuan.com\/monasterio-nuevo\/#primaryimage","url":"https:\/\/www.monasteriosanjuan.com\/wp-content\/uploads\/2022\/01\/monasterio-nuevo-1.jpg","contentUrl":"https:\/\/www.monasteriosanjuan.com\/wp-content\/uploads\/2022\/01\/monasterio-nuevo-1.jpg","width":1920,"height":601,"caption":"monasterio nuevo"},{"@type":"BreadcrumbList","@id":"https:\/\/www.monasteriosanjuan.com\/monasterio-nuevo\/#breadcrumb","itemListElement":[{"@type":"ListItem","position":1,"name":"Portada","item":"https:\/\/www.monasteriosanjuan.com\/fr\/"},{"@type":"ListItem","position":2,"name":"Nouveau monast\u00e8re"}]},{"@type":"WebSite","@id":"https:\/\/www.monasteriosanjuan.com\/#website","url":"https:\/\/www.monasteriosanjuan.com\/","name":"Monasterio de San Juan de la Pe\u00f1a","description":"","publisher":{"@id":"https:\/\/www.monasteriosanjuan.com\/#organization"},"potentialAction":[{"@type":"SearchAction","target":{"@type":"EntryPoint","urlTemplate":"https:\/\/www.monasteriosanjuan.com\/?s={search_term_string}"},"query-input":{"@type":"PropertyValueSpecification","valueRequired":true,"valueName":"search_term_string"}}],"inLanguage":"fr-FR"},{"@type":"Organization","@id":"https:\/\/www.monasteriosanjuan.com\/#organization","name":"Monasterio de San Juan de la Pe\u00f1a","url":"https:\/\/www.monasteriosanjuan.com\/","logo":{"@type":"ImageObject","inLanguage":"fr-FR","@id":"https:\/\/www.monasteriosanjuan.com\/#\/schema\/logo\/image\/","url":"https:\/\/www.monasteriosanjuan.com\/wp-content\/uploads\/2022\/01\/logo-san-juan.png","contentUrl":"https:\/\/www.monasteriosanjuan.com\/wp-content\/uploads\/2022\/01\/logo-san-juan.png","width":500,"height":500,"caption":"Monasterio de San Juan de la Pe\u00f1a"},"image":{"@id":"https:\/\/www.monasteriosanjuan.com\/#\/schema\/logo\/image\/"},"sameAs":["https:\/\/www.facebook.com\/TurismodeAragon\/","https:\/\/x.com\/aragonturismo"]}]}},"_links":{"self":[{"href":"https:\/\/www.monasteriosanjuan.com\/fr\/wp-json\/wp\/v2\/pages\/928","targetHints":{"allow":["GET"]}}],"collection":[{"href":"https:\/\/www.monasteriosanjuan.com\/fr\/wp-json\/wp\/v2\/pages"}],"about":[{"href":"https:\/\/www.monasteriosanjuan.com\/fr\/wp-json\/wp\/v2\/types\/page"}],"author":[{"embeddable":true,"href":"https:\/\/www.monasteriosanjuan.com\/fr\/wp-json\/wp\/v2\/users\/1"}],"replies":[{"embeddable":true,"href":"https:\/\/www.monasteriosanjuan.com\/fr\/wp-json\/wp\/v2\/comments?post=928"}],"version-history":[{"count":0,"href":"https:\/\/www.monasteriosanjuan.com\/fr\/wp-json\/wp\/v2\/pages\/928\/revisions"}],"wp:featuredmedia":[{"embeddable":true,"href":"https:\/\/www.monasteriosanjuan.com\/fr\/wp-json\/wp\/v2\/media\/212"}],"wp:attachment":[{"href":"https:\/\/www.monasteriosanjuan.com\/fr\/wp-json\/wp\/v2\/media?parent=928"}],"curies":[{"name":"wp","href":"https:\/\/api.w.org\/{rel}","templated":true}]}}