{"id":924,"date":"2022-02-25T11:36:22","date_gmt":"2022-02-25T10:36:22","guid":{"rendered":"https:\/\/monasteriosanjuan.com\/iglesia-de-santa-maria-de-santa-cruz-de-la-seros\/"},"modified":"2022-11-11T12:28:32","modified_gmt":"2022-11-11T11:28:32","slug":"iglesia-de-santa-maria-de-santa-cruz-de-la-seros","status":"publish","type":"page","link":"https:\/\/www.monasteriosanjuan.com\/fr\/iglesia-de-santa-maria-de-santa-cruz-de-la-seros\/","title":{"rendered":"\u00c9glise de \u2018Santa Mar\u00eda\u2019 \u00e0 Santa Cruz de la Ser\u00f3s"},"content":{"rendered":"<section class=\"l-section wpb_row height_medium\"><div class=\"l-section-h i-cf\"><div class=\"g-cols vc_row via_grid cols_2 laptops-cols_inherit tablets-cols_inherit mobiles-cols_1 valign_top type_default stacking_default\"><div class=\"wpb_column vc_column_container\"><div class=\"vc_column-inner\"><div class=\"wpb_text_column\"><div class=\"wpb_wrapper\"><p align=\"justify\">\u00c0 sept kilom\u00e8tres de San Juan de la Pe\u00f1a, dans la belle ville pyr\u00e9n\u00e9enne de Santa Cruz de la Ser\u00f3s, se trouve <strong>l&rsquo;\u00e9glise romane de Sainte Marie<\/strong>, un temple qui faisait partie du monast\u00e8re disparu de Santa Mar\u00eda de la Ser\u00f3s.<\/p>\n<p align=\"justify\">Fond\u00e9 vers 1059 par Ramiro Ier, premier roi d&rsquo;Aragon, le monast\u00e8re \u00e9tait habit\u00e9 par des religieuses b\u00e9n\u00e9dictines d\u00e9pendant de San Juan de la Pe\u00f1a. Aux XIe et XIIe si\u00e8cles, des nombreuses femmes de la noblesse Aragonaise vivaient dans ses murs, ainsi que les trois filles du monarque : Aresa, Urraca et Sancha.<\/p>\n<p align=\"justify\">La plus grande splendeur du monast\u00e8re fut atteinte lorsque l&rsquo;infante Sancha, veuve du comte Ermengol III d&rsquo;Urgell, y entra comme abbesse en 1070. Sancha \u00e9tait une personnalit\u00e9 primordiale \u00e0 cette \u00e9poque, fervente partisane de la r\u00e9novation des anciennes structures de notre Royaume, et son \u0153uvre contribu\u00e9 \u00e0 sa modernisation et \u00e0 l&rsquo;ouverture vers le reste de l&rsquo;Europe. Apr\u00e8s sa mort, en 1095, elle sera enterr\u00e9e dans le monast\u00e8re lui-m\u00eame dans un beau sarcophage actuellement situ\u00e9 dans le monast\u00e8re royal des b\u00e9n\u00e9dictins de Jaca.<\/p>\n<\/div><\/div><\/div><\/div><div class=\"wpb_column vc_column_container\"><div class=\"vc_column-inner\"><div class=\"w-image align_none\"><a ref=\"magnificPopup\" href=\"https:\/\/www.monasteriosanjuan.com\/wp-content\/uploads\/2022\/02\/iglesia-santa-maria.jpg\" aria-label=\"iglesia-santa-maria\" class=\"w-image-h\"><img decoding=\"async\" width=\"1024\" height=\"683\" src=\"https:\/\/www.monasteriosanjuan.com\/wp-content\/uploads\/2022\/02\/iglesia-santa-maria-1024x683.jpg\" class=\"attachment-large size-large\" alt=\"iglesia santa maria\" loading=\"lazy\" srcset=\"https:\/\/www.monasteriosanjuan.com\/wp-content\/uploads\/2022\/02\/iglesia-santa-maria-1024x683.jpg 1024w, https:\/\/www.monasteriosanjuan.com\/wp-content\/uploads\/2022\/02\/iglesia-santa-maria-300x200.jpg 300w, https:\/\/www.monasteriosanjuan.com\/wp-content\/uploads\/2022\/02\/iglesia-santa-maria.jpg 1200w\" sizes=\"auto, (max-width: 1024px) 100vw, 1024px\" \/><\/a><\/div><div class=\"w-separator size_small\"><\/div><div class=\"wpb_text_column\"><div class=\"wpb_wrapper\"><h6 style=\"text-align: center;\">Le billet du Monast\u00e8re Royal de San Juan de la Pe\u00f1a comprend l\u2019acc\u00e8s \u00e0 l&rsquo;\u00e9glise de Santa Mar\u00eda.<br \/>\n<a href=\"https:\/\/www.monasteriosanjuan.com\/fr\/como-llegar\/\">Tarifs et horaires<\/a><\/h6>\n<\/div><\/div><\/div><\/div><\/div><\/div><\/section><section class=\"l-section wpb_row us_custom_887a049b height_medium\"><div class=\"l-section-h i-cf\"><div class=\"g-cols vc_row via_grid cols_2 laptops-cols_inherit tablets-cols_inherit mobiles-cols_1 valign_top type_default stacking_default\"><div class=\"wpb_column vc_column_container\"><div class=\"vc_column-inner\"><div class=\"w-image align_none\"><a ref=\"magnificPopup\" href=\"https:\/\/www.monasteriosanjuan.com\/wp-content\/uploads\/2022\/02\/iglesia-santa-maria-1.jpg\" aria-label=\"iglesia-santa-maria-1\" class=\"w-image-h\"><img decoding=\"async\" width=\"1024\" height=\"683\" src=\"https:\/\/www.monasteriosanjuan.com\/wp-content\/uploads\/2022\/02\/iglesia-santa-maria-1-1024x683.jpg\" class=\"attachment-large size-large\" alt=\"iglesia santa maria\" loading=\"lazy\" srcset=\"https:\/\/www.monasteriosanjuan.com\/wp-content\/uploads\/2022\/02\/iglesia-santa-maria-1-1024x683.jpg 1024w, https:\/\/www.monasteriosanjuan.com\/wp-content\/uploads\/2022\/02\/iglesia-santa-maria-1-300x200.jpg 300w, https:\/\/www.monasteriosanjuan.com\/wp-content\/uploads\/2022\/02\/iglesia-santa-maria-1.jpg 1200w\" sizes=\"auto, (max-width: 1024px) 100vw, 1024px\" \/><\/a><\/div><\/div><\/div><div class=\"wpb_column vc_column_container\"><div class=\"vc_column-inner\"><div class=\"wpb_text_column\"><div class=\"wpb_wrapper\"><p align=\"justify\">En 1555, les religieuses b\u00e9n\u00e9dictines s&rsquo;install\u00e8rent \u00e0 Jaca et les b\u00e2timents monastiques furent abandonn\u00e9s pour \u00eatre d\u00e9mantel\u00e9s, r\u00e9utilisant des pi\u00e8ces dans les maisons de la ville. Seulement l&rsquo;\u00e9glise a surv\u00e9cu de l&rsquo;imposant monast\u00e8re du XIe si\u00e8cle, constituant un exemple exceptionnel de l&rsquo;architecture romane Haut-aragonaise. Ses dimensions robustes t\u00e9moignent de sa double fonction d\u00e9fensive et religieuse. Il a une belle construction inspir\u00e9e de la cath\u00e9drale de Jaca et poss\u00e8de une haute tour et des volumes retentissants, \u00e9tant sans aucun doute le clocher le plus remarquable du style roman Aragonais.<\/p>\n<p align=\"justify\">L&rsquo;\u00e9glise de l&rsquo;ancien monast\u00e8re de Santa Mar\u00eda \u00e0 Santa Cruz de la Ser\u00f3s a \u00e9t\u00e9 d\u00e9clar\u00e9e monument historique et artistique en 1931 et bien d&rsquo;int\u00e9r\u00eat culturel en 2005.<\/p>\n<\/div><\/div><\/div><\/div><\/div><\/div><\/section>\n","protected":false},"excerpt":{"rendered":"\u00c0 sept kilom\u00e8tres de San Juan de la Pe\u00f1a, dans la belle ville pyr\u00e9n\u00e9enne de Santa Cruz de la Ser\u00f3s, se trouve l&rsquo;\u00e9glise romane de Sainte Marie, un temple qui faisait partie du monast\u00e8re disparu de Santa Mar\u00eda de la Ser\u00f3s. Fond\u00e9 vers 1059 par Ramiro Ier, premier roi d&rsquo;Aragon, le monast\u00e8re \u00e9tait habit\u00e9 par...","protected":false},"author":1,"featured_media":574,"parent":0,"menu_order":0,"comment_status":"closed","ping_status":"closed","template":"","meta":{"footnotes":"","beyondwords_generate_audio":"1","beyondwords_integration_method":"","beyondwords_project_id":"","beyondwords_content_id":"","beyondwords_preview_token":"","beyondwords_player_content":"","beyondwords_player_style":"","beyondwords_language_code":"","beyondwords_language_id":"","beyondwords_title_voice_id":"","beyondwords_body_voice_id":"","beyondwords_summary_voice_id":"","beyondwords_error_message":"#http_request_failed: cURL error 28: Failed to connect to app.beyondwords.io port 443 after 3767 ms: Couldn't connect to server","beyondwords_disabled":"","beyondwords_delete_content":"","beyondwords_podcast_id":"","beyondwords_hash":"","publish_post_to_speechkit":"","speechkit_hash":"","speechkit_generate_audio":"","speechkit_project_id":"","speechkit_podcast_id":"","speechkit_error_message":"","speechkit_disabled":"","speechkit_access_key":"","speechkit_error":"","speechkit_info":"","speechkit_response":"","speechkit_retries":"","speechkit_status":"","speechkit_updated_at":"","_speechkit_link":"","_speechkit_text":""},"class_list":["post-924","page","type-page","status-publish","has-post-thumbnail","hentry"],"yoast_head":"<!-- This site is optimized with the Yoast SEO plugin v27.6 - https:\/\/yoast.com\/product\/yoast-seo-wordpress\/ -->\n<title>\u00c9glise de \u2018Santa Mar\u00eda\u2019 \u00e0 Santa Cruz de la Ser\u00f3s - Monasterio de San Juan de la Pe\u00f1a<\/title>\n<meta name=\"robots\" content=\"index, follow, max-snippet:-1, max-image-preview:large, max-video-preview:-1\" \/>\n<link rel=\"canonical\" href=\"https:\/\/www.monasteriosanjuan.com\/iglesia-de-santa-maria-de-santa-cruz-de-la-seros\/\" \/>\n<meta property=\"og:locale\" content=\"fr_FR\" \/>\n<meta property=\"og:type\" content=\"article\" \/>\n<meta property=\"og:title\" content=\"\u00c9glise de \u2018Santa Mar\u00eda\u2019 \u00e0 Santa Cruz de la Ser\u00f3s - Monasterio de San Juan de la Pe\u00f1a\" \/>\n<meta property=\"og:url\" content=\"https:\/\/www.monasteriosanjuan.com\/iglesia-de-santa-maria-de-santa-cruz-de-la-seros\/\" \/>\n<meta property=\"og:site_name\" content=\"Monasterio de San Juan de la Pe\u00f1a\" \/>\n<meta property=\"article:publisher\" content=\"https:\/\/www.facebook.com\/TurismodeAragon\/\" \/>\n<meta property=\"article:modified_time\" content=\"2022-11-11T11:28:32+00:00\" \/>\n<meta property=\"og:image\" content=\"https:\/\/www.monasteriosanjuan.com\/wp-content\/uploads\/2022\/01\/santa-cruz-de-la-seros-1.jpg\" \/>\n\t<meta property=\"og:image:width\" content=\"1920\" \/>\n\t<meta property=\"og:image:height\" content=\"576\" \/>\n\t<meta property=\"og:image:type\" content=\"image\/jpeg\" \/>\n<meta name=\"twitter:card\" content=\"summary_large_image\" \/>\n<meta name=\"twitter:site\" content=\"@aragonturismo\" \/>\n<meta name=\"twitter:label1\" content=\"Dur\u00e9e de lecture estim\u00e9e\" \/>\n\t<meta name=\"twitter:data1\" content=\"2 minutes\" \/>\n<script type=\"application\/ld+json\" class=\"yoast-schema-graph\">{\"@context\":\"https:\\\/\\\/schema.org\",\"@graph\":[{\"@type\":\"WebPage\",\"@id\":\"https:\\\/\\\/www.monasteriosanjuan.com\\\/iglesia-de-santa-maria-de-santa-cruz-de-la-seros\\\/\",\"url\":\"https:\\\/\\\/www.monasteriosanjuan.com\\\/iglesia-de-santa-maria-de-santa-cruz-de-la-seros\\\/\",\"name\":\"\u00c9glise de \u2018Santa Mar\u00eda\u2019 \u00e0 Santa Cruz de la Ser\u00f3s - Monasterio de San Juan de la Pe\u00f1a\",\"isPartOf\":{\"@id\":\"https:\\\/\\\/www.monasteriosanjuan.com\\\/#website\"},\"primaryImageOfPage\":{\"@id\":\"https:\\\/\\\/www.monasteriosanjuan.com\\\/iglesia-de-santa-maria-de-santa-cruz-de-la-seros\\\/#primaryimage\"},\"image\":{\"@id\":\"https:\\\/\\\/www.monasteriosanjuan.com\\\/iglesia-de-santa-maria-de-santa-cruz-de-la-seros\\\/#primaryimage\"},\"thumbnailUrl\":\"https:\\\/\\\/www.monasteriosanjuan.com\\\/wp-content\\\/uploads\\\/2022\\\/01\\\/santa-cruz-de-la-seros-1.jpg\",\"datePublished\":\"2022-02-25T10:36:22+00:00\",\"dateModified\":\"2022-11-11T11:28:32+00:00\",\"breadcrumb\":{\"@id\":\"https:\\\/\\\/www.monasteriosanjuan.com\\\/iglesia-de-santa-maria-de-santa-cruz-de-la-seros\\\/#breadcrumb\"},\"inLanguage\":\"fr-FR\",\"potentialAction\":[{\"@type\":\"ReadAction\",\"target\":[\"https:\\\/\\\/www.monasteriosanjuan.com\\\/iglesia-de-santa-maria-de-santa-cruz-de-la-seros\\\/\"]}]},{\"@type\":\"ImageObject\",\"inLanguage\":\"fr-FR\",\"@id\":\"https:\\\/\\\/www.monasteriosanjuan.com\\\/iglesia-de-santa-maria-de-santa-cruz-de-la-seros\\\/#primaryimage\",\"url\":\"https:\\\/\\\/www.monasteriosanjuan.com\\\/wp-content\\\/uploads\\\/2022\\\/01\\\/santa-cruz-de-la-seros-1.jpg\",\"contentUrl\":\"https:\\\/\\\/www.monasteriosanjuan.com\\\/wp-content\\\/uploads\\\/2022\\\/01\\\/santa-cruz-de-la-seros-1.jpg\",\"width\":1920,\"height\":576,\"caption\":\"Santa Cruz de la Ser\u00f3s\"},{\"@type\":\"BreadcrumbList\",\"@id\":\"https:\\\/\\\/www.monasteriosanjuan.com\\\/iglesia-de-santa-maria-de-santa-cruz-de-la-seros\\\/#breadcrumb\",\"itemListElement\":[{\"@type\":\"ListItem\",\"position\":1,\"name\":\"Portada\",\"item\":\"https:\\\/\\\/www.monasteriosanjuan.com\\\/fr\\\/\"},{\"@type\":\"ListItem\",\"position\":2,\"name\":\"\u00c9glise de \u2018Santa Mar\u00eda\u2019 \u00e0 Santa Cruz de la Ser\u00f3s\"}]},{\"@type\":\"WebSite\",\"@id\":\"https:\\\/\\\/www.monasteriosanjuan.com\\\/#website\",\"url\":\"https:\\\/\\\/www.monasteriosanjuan.com\\\/\",\"name\":\"Monasterio de San Juan de la Pe\u00f1a\",\"description\":\"\",\"publisher\":{\"@id\":\"https:\\\/\\\/www.monasteriosanjuan.com\\\/#organization\"},\"potentialAction\":[{\"@type\":\"SearchAction\",\"target\":{\"@type\":\"EntryPoint\",\"urlTemplate\":\"https:\\\/\\\/www.monasteriosanjuan.com\\\/?s={search_term_string}\"},\"query-input\":{\"@type\":\"PropertyValueSpecification\",\"valueRequired\":true,\"valueName\":\"search_term_string\"}}],\"inLanguage\":\"fr-FR\"},{\"@type\":\"Organization\",\"@id\":\"https:\\\/\\\/www.monasteriosanjuan.com\\\/#organization\",\"name\":\"Monasterio de San Juan de la Pe\u00f1a\",\"url\":\"https:\\\/\\\/www.monasteriosanjuan.com\\\/\",\"logo\":{\"@type\":\"ImageObject\",\"inLanguage\":\"fr-FR\",\"@id\":\"https:\\\/\\\/www.monasteriosanjuan.com\\\/#\\\/schema\\\/logo\\\/image\\\/\",\"url\":\"https:\\\/\\\/www.monasteriosanjuan.com\\\/wp-content\\\/uploads\\\/2022\\\/01\\\/logo-san-juan.png\",\"contentUrl\":\"https:\\\/\\\/www.monasteriosanjuan.com\\\/wp-content\\\/uploads\\\/2022\\\/01\\\/logo-san-juan.png\",\"width\":500,\"height\":500,\"caption\":\"Monasterio de San Juan de la Pe\u00f1a\"},\"image\":{\"@id\":\"https:\\\/\\\/www.monasteriosanjuan.com\\\/#\\\/schema\\\/logo\\\/image\\\/\"},\"sameAs\":[\"https:\\\/\\\/www.facebook.com\\\/TurismodeAragon\\\/\",\"https:\\\/\\\/x.com\\\/aragonturismo\"]}]}<\/script>\n<!-- \/ Yoast SEO plugin. -->","yoast_head_json":{"title":"\u00c9glise de \u2018Santa Mar\u00eda\u2019 \u00e0 Santa Cruz de la Ser\u00f3s - Monasterio de San Juan de la Pe\u00f1a","robots":{"index":"index","follow":"follow","max-snippet":"max-snippet:-1","max-image-preview":"max-image-preview:large","max-video-preview":"max-video-preview:-1"},"canonical":"https:\/\/www.monasteriosanjuan.com\/iglesia-de-santa-maria-de-santa-cruz-de-la-seros\/","og_locale":"fr_FR","og_type":"article","og_title":"\u00c9glise de \u2018Santa Mar\u00eda\u2019 \u00e0 Santa Cruz de la Ser\u00f3s - Monasterio de San Juan de la Pe\u00f1a","og_url":"https:\/\/www.monasteriosanjuan.com\/iglesia-de-santa-maria-de-santa-cruz-de-la-seros\/","og_site_name":"Monasterio de San Juan de la Pe\u00f1a","article_publisher":"https:\/\/www.facebook.com\/TurismodeAragon\/","article_modified_time":"2022-11-11T11:28:32+00:00","og_image":[{"width":1920,"height":576,"url":"https:\/\/www.monasteriosanjuan.com\/wp-content\/uploads\/2022\/01\/santa-cruz-de-la-seros-1.jpg","type":"image\/jpeg"}],"twitter_card":"summary_large_image","twitter_site":"@aragonturismo","twitter_misc":{"Dur\u00e9e de lecture estim\u00e9e":"2 minutes"},"schema":{"@context":"https:\/\/schema.org","@graph":[{"@type":"WebPage","@id":"https:\/\/www.monasteriosanjuan.com\/iglesia-de-santa-maria-de-santa-cruz-de-la-seros\/","url":"https:\/\/www.monasteriosanjuan.com\/iglesia-de-santa-maria-de-santa-cruz-de-la-seros\/","name":"\u00c9glise de \u2018Santa Mar\u00eda\u2019 \u00e0 Santa Cruz de la Ser\u00f3s - Monasterio de San Juan de la Pe\u00f1a","isPartOf":{"@id":"https:\/\/www.monasteriosanjuan.com\/#website"},"primaryImageOfPage":{"@id":"https:\/\/www.monasteriosanjuan.com\/iglesia-de-santa-maria-de-santa-cruz-de-la-seros\/#primaryimage"},"image":{"@id":"https:\/\/www.monasteriosanjuan.com\/iglesia-de-santa-maria-de-santa-cruz-de-la-seros\/#primaryimage"},"thumbnailUrl":"https:\/\/www.monasteriosanjuan.com\/wp-content\/uploads\/2022\/01\/santa-cruz-de-la-seros-1.jpg","datePublished":"2022-02-25T10:36:22+00:00","dateModified":"2022-11-11T11:28:32+00:00","breadcrumb":{"@id":"https:\/\/www.monasteriosanjuan.com\/iglesia-de-santa-maria-de-santa-cruz-de-la-seros\/#breadcrumb"},"inLanguage":"fr-FR","potentialAction":[{"@type":"ReadAction","target":["https:\/\/www.monasteriosanjuan.com\/iglesia-de-santa-maria-de-santa-cruz-de-la-seros\/"]}]},{"@type":"ImageObject","inLanguage":"fr-FR","@id":"https:\/\/www.monasteriosanjuan.com\/iglesia-de-santa-maria-de-santa-cruz-de-la-seros\/#primaryimage","url":"https:\/\/www.monasteriosanjuan.com\/wp-content\/uploads\/2022\/01\/santa-cruz-de-la-seros-1.jpg","contentUrl":"https:\/\/www.monasteriosanjuan.com\/wp-content\/uploads\/2022\/01\/santa-cruz-de-la-seros-1.jpg","width":1920,"height":576,"caption":"Santa Cruz de la Ser\u00f3s"},{"@type":"BreadcrumbList","@id":"https:\/\/www.monasteriosanjuan.com\/iglesia-de-santa-maria-de-santa-cruz-de-la-seros\/#breadcrumb","itemListElement":[{"@type":"ListItem","position":1,"name":"Portada","item":"https:\/\/www.monasteriosanjuan.com\/fr\/"},{"@type":"ListItem","position":2,"name":"\u00c9glise de \u2018Santa Mar\u00eda\u2019 \u00e0 Santa Cruz de la Ser\u00f3s"}]},{"@type":"WebSite","@id":"https:\/\/www.monasteriosanjuan.com\/#website","url":"https:\/\/www.monasteriosanjuan.com\/","name":"Monasterio de San Juan de la Pe\u00f1a","description":"","publisher":{"@id":"https:\/\/www.monasteriosanjuan.com\/#organization"},"potentialAction":[{"@type":"SearchAction","target":{"@type":"EntryPoint","urlTemplate":"https:\/\/www.monasteriosanjuan.com\/?s={search_term_string}"},"query-input":{"@type":"PropertyValueSpecification","valueRequired":true,"valueName":"search_term_string"}}],"inLanguage":"fr-FR"},{"@type":"Organization","@id":"https:\/\/www.monasteriosanjuan.com\/#organization","name":"Monasterio de San Juan de la Pe\u00f1a","url":"https:\/\/www.monasteriosanjuan.com\/","logo":{"@type":"ImageObject","inLanguage":"fr-FR","@id":"https:\/\/www.monasteriosanjuan.com\/#\/schema\/logo\/image\/","url":"https:\/\/www.monasteriosanjuan.com\/wp-content\/uploads\/2022\/01\/logo-san-juan.png","contentUrl":"https:\/\/www.monasteriosanjuan.com\/wp-content\/uploads\/2022\/01\/logo-san-juan.png","width":500,"height":500,"caption":"Monasterio de San Juan de la Pe\u00f1a"},"image":{"@id":"https:\/\/www.monasteriosanjuan.com\/#\/schema\/logo\/image\/"},"sameAs":["https:\/\/www.facebook.com\/TurismodeAragon\/","https:\/\/x.com\/aragonturismo"]}]}},"_links":{"self":[{"href":"https:\/\/www.monasteriosanjuan.com\/fr\/wp-json\/wp\/v2\/pages\/924","targetHints":{"allow":["GET"]}}],"collection":[{"href":"https:\/\/www.monasteriosanjuan.com\/fr\/wp-json\/wp\/v2\/pages"}],"about":[{"href":"https:\/\/www.monasteriosanjuan.com\/fr\/wp-json\/wp\/v2\/types\/page"}],"author":[{"embeddable":true,"href":"https:\/\/www.monasteriosanjuan.com\/fr\/wp-json\/wp\/v2\/users\/1"}],"replies":[{"embeddable":true,"href":"https:\/\/www.monasteriosanjuan.com\/fr\/wp-json\/wp\/v2\/comments?post=924"}],"version-history":[{"count":7,"href":"https:\/\/www.monasteriosanjuan.com\/fr\/wp-json\/wp\/v2\/pages\/924\/revisions"}],"predecessor-version":[{"id":1537,"href":"https:\/\/www.monasteriosanjuan.com\/fr\/wp-json\/wp\/v2\/pages\/924\/revisions\/1537"}],"wp:featuredmedia":[{"embeddable":true,"href":"https:\/\/www.monasteriosanjuan.com\/fr\/wp-json\/wp\/v2\/media\/574"}],"wp:attachment":[{"href":"https:\/\/www.monasteriosanjuan.com\/fr\/wp-json\/wp\/v2\/media?parent=924"}],"curies":[{"name":"wp","href":"https:\/\/api.w.org\/{rel}","templated":true}]}}