{"id":908,"date":"2022-01-17T17:29:37","date_gmt":"2022-01-17T16:29:37","guid":{"rendered":"https:\/\/monasteriosanjuan.com\/centro-de-interpretacion-del-monasterio\/"},"modified":"2022-07-28T10:43:14","modified_gmt":"2022-07-28T08:43:14","slug":"centro-de-interpretacion-del-monasterio","status":"publish","type":"page","link":"https:\/\/www.monasteriosanjuan.com\/fr\/centro-de-interpretacion-del-monasterio\/","title":{"rendered":"Centre d\u2019interpr\u00e9tation du monast\u00e8re"},"content":{"rendered":"<section class=\"l-section wpb_row height_medium\"><div class=\"l-section-h i-cf\"><div class=\"g-cols vc_row via_grid cols_1 laptops-cols_inherit tablets-cols_inherit mobiles-cols_1 valign_top type_default stacking_default\"><div class=\"wpb_column vc_column_container\"><div class=\"vc_column-inner\"><div class=\"wpb_text_column\"><div class=\"wpb_wrapper\"><p>Fond\u00e9 sur les ruines du <strong>Nouveau Monast\u00e8re<\/strong>, un espace surprenant du XXIe si\u00e8cle nous montre les diff\u00e9rents aspects de l&rsquo;ensemble de <strong>San Juan de la Pe\u00f1a<\/strong>, depuis ses origines jusqu&rsquo;au moment o\u00f9 les moines ont d\u00fb abandonner le monast\u00e8re dans le XIXe si\u00e8cle.<\/p>\n<p>Dans son int\u00e9rieur, une originale structure fait que le visiteur, marchant sur un sol de cristal, puisse contempler sous ses pieds les diff\u00e9rentes pi\u00e8ces dont se composait le Monast\u00e8re : les chambres de service, la cuisine, la pharmacie, le r\u00e9fectoire, l&rsquo;entrep\u00f4t et le garde-manger&#8230; toutes elles orn\u00e9es avec des figures de moines \u00e0 taille naturelle, des meubles, des ustensiles, etc., pour pouvoir comprendre les \u00e9normes dimensions de ce monast\u00e8re.<\/p>\n<\/div><\/div><\/div><\/div><\/div><\/div><\/section><section class=\"l-section wpb_row height_auto width_full\"><div class=\"l-section-h i-cf\"><div class=\"g-cols vc_row via_grid cols_1 laptops-cols_inherit tablets-cols_inherit mobiles-cols_1 valign_top type_default stacking_default\"><div class=\"wpb_column vc_column_container\"><div class=\"vc_column-inner\"><div class=\"w-image align_center\"><div class=\"w-image-h\"><img decoding=\"async\" width=\"1920\" height=\"864\" src=\"https:\/\/www.monasteriosanjuan.com\/wp-content\/uploads\/2022\/03\/ci-monasterio.jpg\" class=\"attachment-full size-full\" alt=\"ci monasterio\" loading=\"lazy\" srcset=\"https:\/\/www.monasteriosanjuan.com\/wp-content\/uploads\/2022\/03\/ci-monasterio.jpg 1920w, https:\/\/www.monasteriosanjuan.com\/wp-content\/uploads\/2022\/03\/ci-monasterio-300x135.jpg 300w, https:\/\/www.monasteriosanjuan.com\/wp-content\/uploads\/2022\/03\/ci-monasterio-1024x461.jpg 1024w\" sizes=\"auto, (max-width: 1920px) 100vw, 1920px\" \/><\/div><\/div><\/div><\/div><\/div><\/div><\/section><section class=\"l-section wpb_row height_medium\"><div class=\"l-section-h i-cf\"><div class=\"g-cols vc_row via_grid cols_1 laptops-cols_inherit tablets-cols_inherit mobiles-cols_1 valign_top type_default stacking_default\"><div class=\"wpb_column vc_column_container\"><div class=\"vc_column-inner\"><div class=\"wpb_text_column\"><div class=\"wpb_wrapper\"><p>\u00c0 travers des panneaux informatifs, le visiteur peut d\u00e9couvrir toutes les cl\u00e9s de la vie quotidienne de <strong>San Juan de la Pe\u00f1a<\/strong>, avec un vaste \u00e9chantillonnage d&rsquo;objets originaux des monast\u00e8res.<\/p>\n<p>Ce nouveau grand centre d&rsquo;interpr\u00e9tation est parfaitement int\u00e9gr\u00e9 avec le\u00a0<strong>Nouveau Monast\u00e8re<\/strong>\u00a0et son\u00a0environnement.<\/p>\n<\/div><\/div><\/div><\/div><\/div><\/div><\/section><section class=\"l-section wpb_row us_custom_f58a0cb9 height_medium width_full with_img parallax_ver\"><div class=\"l-section-img\" role=\"img\" aria-label=\"Fondo claro\" data-img-width=\"1920\" data-img-height=\"700\" style=\"background-image: url(https:\/\/www.monasteriosanjuan.com\/wp-content\/uploads\/2022\/01\/fondo-claro.jpg);\"><\/div><div class=\"l-section-h i-cf\"><div class=\"g-cols vc_row via_grid cols_1 laptops-cols_inherit tablets-cols_inherit mobiles-cols_1 valign_top type_default stacking_default\"><div class=\"wpb_column vc_column_container\"><div class=\"vc_column-inner\"><div class=\"w-grid us_grid type_grid layout_341 cols_4 preload_style_spinner\" id=\"us_grid_1\" style=\"--columns:4;--gap:1.5rem;\" data-filterable=\"true\"><style>@media (max-width:1280px){#us_grid_1{--columns:3!important}}@media (max-width:1024px){#us_grid_1{--columns:2!important}}@media (max-width:600px){#us_grid_1{--columns:1!important}}.layout_341 .w-grid-item-h{background:#000000}.layout_341 .usg_post_image_1{transition-duration:0.3s;transform-origin:50% 50%;transform:scale(1) translate(0%,0%)}.layout_341 .w-grid-item-h:focus-within .usg_post_image_1,.layout_341 .w-grid-item-h:hover .usg_post_image_1{transform:scale(1.05) translate(0%,0%);opacity:0.8}<\/style><div class=\"w-grid-list\">\t<article class=\"w-grid-item size_1x1 post-346 attachment type-attachment status-inherit hentry\" data-id=\"346\">\r\n\t\t<div class=\"w-grid-item-h\">\r\n\t\t\t\t\t\t<div class=\"w-post-elm post_image usg_post_image_1 stretched\"><a ref=\"magnificPopup\" href=\"https:\/\/www.monasteriosanjuan.com\/wp-content\/uploads\/2022\/01\/monasterio-nuevo-galeria01.jpg\" aria-label=\"monasterio-nuevo-galeria01\"><img loading=\"lazy\" decoding=\"async\" width=\"1024\" height=\"683\" src=\"https:\/\/www.monasteriosanjuan.com\/wp-content\/uploads\/2022\/01\/monasterio-nuevo-galeria01-1024x683.jpg\" class=\"attachment-large size-large\" alt=\"\" srcset=\"https:\/\/www.monasteriosanjuan.com\/wp-content\/uploads\/2022\/01\/monasterio-nuevo-galeria01-1024x683.jpg 1024w, https:\/\/www.monasteriosanjuan.com\/wp-content\/uploads\/2022\/01\/monasterio-nuevo-galeria01-300x200.jpg 300w, https:\/\/www.monasteriosanjuan.com\/wp-content\/uploads\/2022\/01\/monasterio-nuevo-galeria01.jpg 1200w\" sizes=\"auto, (max-width: 1024px) 100vw, 1024px\" \/><\/a><\/div>\t\t<\/div>\r\n\t\t\t<\/article>\r\n\t<article class=\"w-grid-item size_1x1 post-355 attachment type-attachment status-inherit hentry\" data-id=\"355\">\r\n\t\t<div class=\"w-grid-item-h\">\r\n\t\t\t\t\t\t<div class=\"w-post-elm post_image usg_post_image_1 stretched\"><a ref=\"magnificPopup\" href=\"https:\/\/www.monasteriosanjuan.com\/wp-content\/uploads\/2022\/01\/monasterio-nuevo-galeria04.jpg\" aria-label=\"monasterio-nuevo-galeria04\"><img loading=\"lazy\" decoding=\"async\" width=\"1024\" height=\"685\" src=\"https:\/\/www.monasteriosanjuan.com\/wp-content\/uploads\/2022\/01\/monasterio-nuevo-galeria04-1024x685.jpg\" class=\"attachment-large size-large\" alt=\"\" srcset=\"https:\/\/www.monasteriosanjuan.com\/wp-content\/uploads\/2022\/01\/monasterio-nuevo-galeria04-1024x685.jpg 1024w, https:\/\/www.monasteriosanjuan.com\/wp-content\/uploads\/2022\/01\/monasterio-nuevo-galeria04-300x201.jpg 300w, https:\/\/www.monasteriosanjuan.com\/wp-content\/uploads\/2022\/01\/monasterio-nuevo-galeria04.jpg 1200w\" sizes=\"auto, (max-width: 1024px) 100vw, 1024px\" \/><\/a><\/div>\t\t<\/div>\r\n\t\t\t<\/article>\r\n\t<article class=\"w-grid-item size_1x1 post-352 attachment type-attachment status-inherit hentry\" data-id=\"352\">\r\n\t\t<div class=\"w-grid-item-h\">\r\n\t\t\t\t\t\t<div class=\"w-post-elm post_image usg_post_image_1 stretched\"><a ref=\"magnificPopup\" href=\"https:\/\/www.monasteriosanjuan.com\/wp-content\/uploads\/2022\/01\/monasterio-nuevo-galeria03.jpg\" aria-label=\"monasterio-nuevo-galeria03\"><img loading=\"lazy\" decoding=\"async\" width=\"1024\" height=\"683\" src=\"https:\/\/www.monasteriosanjuan.com\/wp-content\/uploads\/2022\/01\/monasterio-nuevo-galeria03-1024x683.jpg\" class=\"attachment-large size-large\" alt=\"\" srcset=\"https:\/\/www.monasteriosanjuan.com\/wp-content\/uploads\/2022\/01\/monasterio-nuevo-galeria03-1024x683.jpg 1024w, https:\/\/www.monasteriosanjuan.com\/wp-content\/uploads\/2022\/01\/monasterio-nuevo-galeria03-300x200.jpg 300w, https:\/\/www.monasteriosanjuan.com\/wp-content\/uploads\/2022\/01\/monasterio-nuevo-galeria03.jpg 1200w\" sizes=\"auto, (max-width: 1024px) 100vw, 1024px\" \/><\/a><\/div>\t\t<\/div>\r\n\t\t\t<\/article>\r\n\t<article class=\"w-grid-item size_1x1 post-349 attachment type-attachment status-inherit hentry\" data-id=\"349\">\r\n\t\t<div class=\"w-grid-item-h\">\r\n\t\t\t\t\t\t<div class=\"w-post-elm post_image usg_post_image_1 stretched\"><a ref=\"magnificPopup\" href=\"https:\/\/www.monasteriosanjuan.com\/wp-content\/uploads\/2022\/01\/monasterio-nuevo-galeria02.jpg\" aria-label=\"monasterio-nuevo-galeria02\"><img loading=\"lazy\" decoding=\"async\" width=\"1024\" height=\"683\" src=\"https:\/\/www.monasteriosanjuan.com\/wp-content\/uploads\/2022\/01\/monasterio-nuevo-galeria02-1024x683.jpg\" class=\"attachment-large size-large\" alt=\"\" srcset=\"https:\/\/www.monasteriosanjuan.com\/wp-content\/uploads\/2022\/01\/monasterio-nuevo-galeria02-1024x683.jpg 1024w, https:\/\/www.monasteriosanjuan.com\/wp-content\/uploads\/2022\/01\/monasterio-nuevo-galeria02-300x200.jpg 300w, https:\/\/www.monasteriosanjuan.com\/wp-content\/uploads\/2022\/01\/monasterio-nuevo-galeria02.jpg 1200w\" sizes=\"auto, (max-width: 1024px) 100vw, 1024px\" \/><\/a><\/div>\t\t<\/div>\r\n\t\t\t<\/article>\r\n<\/div>\t<div class=\"w-grid-preloader\">\r\n\t\t<div class=\"g-preloader type_1\">\r\n\t\t\t<div><\/div>\r\n\t\t<\/div>\r\n\t<\/div>\r\n\t\t<div class=\"w-grid-json hidden\" onclick='return {&quot;action&quot;:&quot;us_ajax_grid&quot;,&quot;infinite_scroll&quot;:0,&quot;max_num_pages&quot;:1,&quot;pagination&quot;:&quot;none&quot;,&quot;template_vars&quot;:{&quot;columns&quot;:&quot;4&quot;,&quot;exclude_items&quot;:&quot;none&quot;,&quot;img_size&quot;:&quot;default&quot;,&quot;ignore_items_size&quot;:0,&quot;items_layout&quot;:&quot;341&quot;,&quot;items_offset&quot;:&quot;1&quot;,&quot;load_animation&quot;:&quot;none&quot;,&quot;overriding_link&quot;:&quot;{\\&quot;url\\&quot;:\\&quot;\\&quot;}&quot;,&quot;post_id&quot;:0,&quot;query_args&quot;:{&quot;post_type&quot;:[&quot;attachment&quot;],&quot;post__in&quot;:[&quot;344&quot;,&quot;353&quot;,&quot;350&quot;,&quot;347&quot;],&quot;post_status&quot;:&quot;inherit&quot;,&quot;post_mime_type&quot;:&quot;image&quot;,&quot;posts_per_page&quot;:&quot;4&quot;},&quot;orderby_query_args&quot;:{&quot;orderby&quot;:{&quot;post__in&quot;:&quot;ASC&quot;},&quot;order&quot;:&quot;ASC&quot;},&quot;type&quot;:&quot;grid&quot;,&quot;us_grid_post_type&quot;:&quot;attachment&quot;,&quot;us_grid_ajax_index&quot;:1,&quot;us_grid_filter_query_string&quot;:null,&quot;us_grid_index&quot;:1,&quot;page_args&quot;:[],&quot;lang&quot;:&quot;fr&quot;}}'><\/div>\r\n\t<\/div><\/div><\/div><\/div><\/div><\/section>\n","protected":false},"excerpt":{"rendered":"","protected":false},"author":1,"featured_media":853,"parent":0,"menu_order":0,"comment_status":"closed","ping_status":"closed","template":"","meta":{"footnotes":"","beyondwords_generate_audio":"","beyondwords_integration_method":"","beyondwords_project_id":"","beyondwords_content_id":"","beyondwords_preview_token":"","beyondwords_player_content":"","beyondwords_player_style":"","beyondwords_language_code":"","beyondwords_language_id":"","beyondwords_title_voice_id":"","beyondwords_body_voice_id":"","beyondwords_summary_voice_id":"","beyondwords_error_message":"","beyondwords_disabled":"","beyondwords_delete_content":"","beyondwords_podcast_id":"","beyondwords_hash":"","publish_post_to_speechkit":"1","speechkit_hash":"","speechkit_generate_audio":"1","speechkit_project_id":"","speechkit_podcast_id":"","speechkit_error_message":"#http_request_failed: cURL error 28: Failed to connect to app.beyondwords.io port 443 after 3764 ms: Connection timed out","speechkit_disabled":"","speechkit_access_key":"","speechkit_error":"","speechkit_info":"","speechkit_response":"","speechkit_retries":"","speechkit_status":"Error","speechkit_updated_at":"","_speechkit_link":"","_speechkit_text":""},"class_list":["post-908","page","type-page","status-publish","has-post-thumbnail","hentry"],"yoast_head":"<!-- This site is optimized with the Yoast SEO plugin v27.4 - https:\/\/yoast.com\/product\/yoast-seo-wordpress\/ -->\n<title>Centre d\u2019interpr\u00e9tation du monast\u00e8re - Monasterio de San Juan de la Pe\u00f1a<\/title>\n<meta name=\"robots\" content=\"index, follow, max-snippet:-1, max-image-preview:large, max-video-preview:-1\" \/>\n<link rel=\"canonical\" href=\"https:\/\/www.monasteriosanjuan.com\/centro-de-interpretacion-del-monasterio\/\" \/>\n<meta property=\"og:locale\" content=\"fr_FR\" \/>\n<meta property=\"og:type\" content=\"article\" \/>\n<meta property=\"og:title\" content=\"Centre d\u2019interpr\u00e9tation du monast\u00e8re - Monasterio de San Juan de la Pe\u00f1a\" \/>\n<meta property=\"og:url\" content=\"https:\/\/www.monasteriosanjuan.com\/centro-de-interpretacion-del-monasterio\/\" \/>\n<meta property=\"og:site_name\" content=\"Monasterio de San Juan de la Pe\u00f1a\" \/>\n<meta property=\"article:publisher\" content=\"https:\/\/www.facebook.com\/TurismodeAragon\/\" \/>\n<meta property=\"article:modified_time\" content=\"2022-07-28T08:43:14+00:00\" \/>\n<meta property=\"og:image\" content=\"https:\/\/www.monasteriosanjuan.com\/wp-content\/uploads\/2022\/01\/ci-del-monasterio.jpg\" \/>\n\t<meta property=\"og:image:width\" content=\"1920\" \/>\n\t<meta property=\"og:image:height\" content=\"1280\" \/>\n\t<meta property=\"og:image:type\" content=\"image\/jpeg\" \/>\n<meta name=\"twitter:card\" content=\"summary_large_image\" \/>\n<meta name=\"twitter:site\" content=\"@aragonturismo\" \/>\n<meta name=\"twitter:label1\" content=\"Dur\u00e9e de lecture estim\u00e9e\" \/>\n\t<meta name=\"twitter:data1\" content=\"1 minute\" \/>\n<script type=\"application\/ld+json\" class=\"yoast-schema-graph\">{\"@context\":\"https:\\\/\\\/schema.org\",\"@graph\":[{\"@type\":\"WebPage\",\"@id\":\"https:\\\/\\\/www.monasteriosanjuan.com\\\/centro-de-interpretacion-del-monasterio\\\/\",\"url\":\"https:\\\/\\\/www.monasteriosanjuan.com\\\/centro-de-interpretacion-del-monasterio\\\/\",\"name\":\"Centre d\u2019interpr\u00e9tation du monast\u00e8re - Monasterio de San Juan de la Pe\u00f1a\",\"isPartOf\":{\"@id\":\"https:\\\/\\\/www.monasteriosanjuan.com\\\/#website\"},\"primaryImageOfPage\":{\"@id\":\"https:\\\/\\\/www.monasteriosanjuan.com\\\/centro-de-interpretacion-del-monasterio\\\/#primaryimage\"},\"image\":{\"@id\":\"https:\\\/\\\/www.monasteriosanjuan.com\\\/centro-de-interpretacion-del-monasterio\\\/#primaryimage\"},\"thumbnailUrl\":\"https:\\\/\\\/www.monasteriosanjuan.com\\\/wp-content\\\/uploads\\\/2022\\\/01\\\/ci-del-monasterio.jpg\",\"datePublished\":\"2022-01-17T16:29:37+00:00\",\"dateModified\":\"2022-07-28T08:43:14+00:00\",\"breadcrumb\":{\"@id\":\"https:\\\/\\\/www.monasteriosanjuan.com\\\/centro-de-interpretacion-del-monasterio\\\/#breadcrumb\"},\"inLanguage\":\"fr-FR\",\"potentialAction\":[{\"@type\":\"ReadAction\",\"target\":[\"https:\\\/\\\/www.monasteriosanjuan.com\\\/centro-de-interpretacion-del-monasterio\\\/\"]}]},{\"@type\":\"ImageObject\",\"inLanguage\":\"fr-FR\",\"@id\":\"https:\\\/\\\/www.monasteriosanjuan.com\\\/centro-de-interpretacion-del-monasterio\\\/#primaryimage\",\"url\":\"https:\\\/\\\/www.monasteriosanjuan.com\\\/wp-content\\\/uploads\\\/2022\\\/01\\\/ci-del-monasterio.jpg\",\"contentUrl\":\"https:\\\/\\\/www.monasteriosanjuan.com\\\/wp-content\\\/uploads\\\/2022\\\/01\\\/ci-del-monasterio.jpg\",\"width\":1920,\"height\":1280},{\"@type\":\"BreadcrumbList\",\"@id\":\"https:\\\/\\\/www.monasteriosanjuan.com\\\/centro-de-interpretacion-del-monasterio\\\/#breadcrumb\",\"itemListElement\":[{\"@type\":\"ListItem\",\"position\":1,\"name\":\"Portada\",\"item\":\"https:\\\/\\\/www.monasteriosanjuan.com\\\/fr\\\/\"},{\"@type\":\"ListItem\",\"position\":2,\"name\":\"Centre d\u2019interpr\u00e9tation du monast\u00e8re\"}]},{\"@type\":\"WebSite\",\"@id\":\"https:\\\/\\\/www.monasteriosanjuan.com\\\/#website\",\"url\":\"https:\\\/\\\/www.monasteriosanjuan.com\\\/\",\"name\":\"Monasterio de San Juan de la Pe\u00f1a\",\"description\":\"\",\"publisher\":{\"@id\":\"https:\\\/\\\/www.monasteriosanjuan.com\\\/#organization\"},\"potentialAction\":[{\"@type\":\"SearchAction\",\"target\":{\"@type\":\"EntryPoint\",\"urlTemplate\":\"https:\\\/\\\/www.monasteriosanjuan.com\\\/?s={search_term_string}\"},\"query-input\":{\"@type\":\"PropertyValueSpecification\",\"valueRequired\":true,\"valueName\":\"search_term_string\"}}],\"inLanguage\":\"fr-FR\"},{\"@type\":\"Organization\",\"@id\":\"https:\\\/\\\/www.monasteriosanjuan.com\\\/#organization\",\"name\":\"Monasterio de San Juan de la Pe\u00f1a\",\"url\":\"https:\\\/\\\/www.monasteriosanjuan.com\\\/\",\"logo\":{\"@type\":\"ImageObject\",\"inLanguage\":\"fr-FR\",\"@id\":\"https:\\\/\\\/www.monasteriosanjuan.com\\\/#\\\/schema\\\/logo\\\/image\\\/\",\"url\":\"https:\\\/\\\/www.monasteriosanjuan.com\\\/wp-content\\\/uploads\\\/2022\\\/01\\\/logo-san-juan.png\",\"contentUrl\":\"https:\\\/\\\/www.monasteriosanjuan.com\\\/wp-content\\\/uploads\\\/2022\\\/01\\\/logo-san-juan.png\",\"width\":500,\"height\":500,\"caption\":\"Monasterio de San Juan de la Pe\u00f1a\"},\"image\":{\"@id\":\"https:\\\/\\\/www.monasteriosanjuan.com\\\/#\\\/schema\\\/logo\\\/image\\\/\"},\"sameAs\":[\"https:\\\/\\\/www.facebook.com\\\/TurismodeAragon\\\/\",\"https:\\\/\\\/x.com\\\/aragonturismo\"]}]}<\/script>\n<!-- \/ Yoast SEO plugin. -->","yoast_head_json":{"title":"Centre d\u2019interpr\u00e9tation du monast\u00e8re - Monasterio de San Juan de la Pe\u00f1a","robots":{"index":"index","follow":"follow","max-snippet":"max-snippet:-1","max-image-preview":"max-image-preview:large","max-video-preview":"max-video-preview:-1"},"canonical":"https:\/\/www.monasteriosanjuan.com\/centro-de-interpretacion-del-monasterio\/","og_locale":"fr_FR","og_type":"article","og_title":"Centre d\u2019interpr\u00e9tation du monast\u00e8re - Monasterio de San Juan de la Pe\u00f1a","og_url":"https:\/\/www.monasteriosanjuan.com\/centro-de-interpretacion-del-monasterio\/","og_site_name":"Monasterio de San Juan de la Pe\u00f1a","article_publisher":"https:\/\/www.facebook.com\/TurismodeAragon\/","article_modified_time":"2022-07-28T08:43:14+00:00","og_image":[{"width":1920,"height":1280,"url":"https:\/\/www.monasteriosanjuan.com\/wp-content\/uploads\/2022\/01\/ci-del-monasterio.jpg","type":"image\/jpeg"}],"twitter_card":"summary_large_image","twitter_site":"@aragonturismo","twitter_misc":{"Dur\u00e9e de lecture estim\u00e9e":"1 minute"},"schema":{"@context":"https:\/\/schema.org","@graph":[{"@type":"WebPage","@id":"https:\/\/www.monasteriosanjuan.com\/centro-de-interpretacion-del-monasterio\/","url":"https:\/\/www.monasteriosanjuan.com\/centro-de-interpretacion-del-monasterio\/","name":"Centre d\u2019interpr\u00e9tation du monast\u00e8re - Monasterio de San Juan de la Pe\u00f1a","isPartOf":{"@id":"https:\/\/www.monasteriosanjuan.com\/#website"},"primaryImageOfPage":{"@id":"https:\/\/www.monasteriosanjuan.com\/centro-de-interpretacion-del-monasterio\/#primaryimage"},"image":{"@id":"https:\/\/www.monasteriosanjuan.com\/centro-de-interpretacion-del-monasterio\/#primaryimage"},"thumbnailUrl":"https:\/\/www.monasteriosanjuan.com\/wp-content\/uploads\/2022\/01\/ci-del-monasterio.jpg","datePublished":"2022-01-17T16:29:37+00:00","dateModified":"2022-07-28T08:43:14+00:00","breadcrumb":{"@id":"https:\/\/www.monasteriosanjuan.com\/centro-de-interpretacion-del-monasterio\/#breadcrumb"},"inLanguage":"fr-FR","potentialAction":[{"@type":"ReadAction","target":["https:\/\/www.monasteriosanjuan.com\/centro-de-interpretacion-del-monasterio\/"]}]},{"@type":"ImageObject","inLanguage":"fr-FR","@id":"https:\/\/www.monasteriosanjuan.com\/centro-de-interpretacion-del-monasterio\/#primaryimage","url":"https:\/\/www.monasteriosanjuan.com\/wp-content\/uploads\/2022\/01\/ci-del-monasterio.jpg","contentUrl":"https:\/\/www.monasteriosanjuan.com\/wp-content\/uploads\/2022\/01\/ci-del-monasterio.jpg","width":1920,"height":1280},{"@type":"BreadcrumbList","@id":"https:\/\/www.monasteriosanjuan.com\/centro-de-interpretacion-del-monasterio\/#breadcrumb","itemListElement":[{"@type":"ListItem","position":1,"name":"Portada","item":"https:\/\/www.monasteriosanjuan.com\/fr\/"},{"@type":"ListItem","position":2,"name":"Centre d\u2019interpr\u00e9tation du monast\u00e8re"}]},{"@type":"WebSite","@id":"https:\/\/www.monasteriosanjuan.com\/#website","url":"https:\/\/www.monasteriosanjuan.com\/","name":"Monasterio de San Juan de la Pe\u00f1a","description":"","publisher":{"@id":"https:\/\/www.monasteriosanjuan.com\/#organization"},"potentialAction":[{"@type":"SearchAction","target":{"@type":"EntryPoint","urlTemplate":"https:\/\/www.monasteriosanjuan.com\/?s={search_term_string}"},"query-input":{"@type":"PropertyValueSpecification","valueRequired":true,"valueName":"search_term_string"}}],"inLanguage":"fr-FR"},{"@type":"Organization","@id":"https:\/\/www.monasteriosanjuan.com\/#organization","name":"Monasterio de San Juan de la Pe\u00f1a","url":"https:\/\/www.monasteriosanjuan.com\/","logo":{"@type":"ImageObject","inLanguage":"fr-FR","@id":"https:\/\/www.monasteriosanjuan.com\/#\/schema\/logo\/image\/","url":"https:\/\/www.monasteriosanjuan.com\/wp-content\/uploads\/2022\/01\/logo-san-juan.png","contentUrl":"https:\/\/www.monasteriosanjuan.com\/wp-content\/uploads\/2022\/01\/logo-san-juan.png","width":500,"height":500,"caption":"Monasterio de San Juan de la Pe\u00f1a"},"image":{"@id":"https:\/\/www.monasteriosanjuan.com\/#\/schema\/logo\/image\/"},"sameAs":["https:\/\/www.facebook.com\/TurismodeAragon\/","https:\/\/x.com\/aragonturismo"]}]}},"_links":{"self":[{"href":"https:\/\/www.monasteriosanjuan.com\/fr\/wp-json\/wp\/v2\/pages\/908","targetHints":{"allow":["GET"]}}],"collection":[{"href":"https:\/\/www.monasteriosanjuan.com\/fr\/wp-json\/wp\/v2\/pages"}],"about":[{"href":"https:\/\/www.monasteriosanjuan.com\/fr\/wp-json\/wp\/v2\/types\/page"}],"author":[{"embeddable":true,"href":"https:\/\/www.monasteriosanjuan.com\/fr\/wp-json\/wp\/v2\/users\/1"}],"replies":[{"embeddable":true,"href":"https:\/\/www.monasteriosanjuan.com\/fr\/wp-json\/wp\/v2\/comments?post=908"}],"version-history":[{"count":1,"href":"https:\/\/www.monasteriosanjuan.com\/fr\/wp-json\/wp\/v2\/pages\/908\/revisions"}],"predecessor-version":[{"id":1329,"href":"https:\/\/www.monasteriosanjuan.com\/fr\/wp-json\/wp\/v2\/pages\/908\/revisions\/1329"}],"wp:featuredmedia":[{"embeddable":true,"href":"https:\/\/www.monasteriosanjuan.com\/fr\/wp-json\/wp\/v2\/media\/853"}],"wp:attachment":[{"href":"https:\/\/www.monasteriosanjuan.com\/fr\/wp-json\/wp\/v2\/media?parent=908"}],"curies":[{"name":"wp","href":"https:\/\/api.w.org\/{rel}","templated":true}]}}