{"id":921,"date":"2022-01-21T17:07:57","date_gmt":"2022-01-21T16:07:57","guid":{"rendered":"https:\/\/monasteriosanjuan.com\/el-entorno\/santa-cruz-de-la-seros\/"},"modified":"2022-08-03T14:52:27","modified_gmt":"2022-08-03T12:52:27","slug":"santa-cruz-de-la-seros","status":"publish","type":"page","link":"https:\/\/www.monasteriosanjuan.com\/en\/el-entorno\/santa-cruz-de-la-seros\/","title":{"rendered":"Santa Cruz de la Ser\u00f3s"},"content":{"rendered":"<section class=\"l-section wpb_row height_medium\"><div class=\"l-section-h i-cf\"><div class=\"g-cols vc_row via_grid cols_1 laptops-cols_inherit tablets-cols_inherit mobiles-cols_1 valign_top type_default stacking_default\"><div class=\"wpb_column vc_column_container\"><div class=\"vc_column-inner\"><div class=\"wpb_text_column\"><div class=\"wpb_wrapper\"><p>The charming urban centre of Santa Cruz de la Ser\u00f3s is found at 7 km from San Juan de la Pe\u00f1a and it houses two Romanesque jewels to visit.<\/p>\n<p>The <a href=\"https:\/\/www.monasteriosanjuan.com\/en\/iglesia-de-santa-maria-de-santa-cruz-de-la-seros\/\"><strong>church of Santa Mar\u00eda<\/strong><\/a> was a Benedictine nuns\u2019 monastery in the eleventh and twelfth centuries and among its walls lived the women of the Aragonese nobility. Aresa, Urraca and Sancha, daughters of King Ramiro I, were his most famous guests. Their tympanum, their belfry tower and a Gothic altarpiece of the century 15th century stand out.<br \/>\nThe <strong>hermitage of San Caprasio<\/strong>, located at the entrance of the town, is a beautiful example of Lombard Romanesque from the 11th century.<br \/>\nThe <strong>monastery of San Juan de la Pe\u00f1a<\/strong>, along with the lush nature that surrounds it and the two churches of Santa Cruz de la Ser\u00f3s, make up the monastic complex of San Juan de la Pe\u00f1a.<\/p>\n<p>Entrance tickets to the monastery include access to the church of Santa Mar\u00eda (Santa Cruz de la Ser\u00f3s). Please note that on dates with little influx of visitors, the church remains closed during labour days.<\/p>\n<\/div><\/div><\/div><\/div><\/div><\/div><\/section><section class=\"l-section wpb_row height_medium\"><div class=\"l-section-h i-cf\"><div class=\"g-cols vc_row via_grid cols_1 laptops-cols_inherit tablets-cols_inherit mobiles-cols_1 valign_top type_default stacking_default\"><div class=\"wpb_column vc_column_container\"><div class=\"vc_column-inner\"><div class=\"wpb_text_column\"><div class=\"wpb_wrapper\"><h4>Enjoy the environment with more activities<\/h4>\n<\/div><\/div><div class=\"g-cols wpb_row via_grid cols_3 laptops-cols_inherit tablets-cols_inherit mobiles-cols_1 valign_top type_default stacking_default\" style=\"--columns-gap:3rem;\"><div class=\"wpb_column vc_column_container\"><div class=\"vc_column-inner\"><div tabindex=\"0\" class=\"ult-new-ib ult-ib-effect-style15  ult-ib-resp  \" data-min-width=\"768\" data-max-width=\"900\" style=\"background:#000000;\" data-opacity=\"1\" data-hover-opacity=\"0.7\" ><img decoding=\"async\" class=\"ult-new-ib-img\" style=\"opacity:1;\" alt=\"Monte Oroel\" src=\"https:\/\/www.monasteriosanjuan.com\/wp-content\/uploads\/2022\/01\/monte-oroel.jpg\"   \/><div id=\"interactive-banner-wrap-4026\" class=\"ult-new-ib-desc\" style=\"\"><h2 class=\"ult-new-ib-title ult-responsive\"  data-ultimate-target='#interactive-banner-wrap-4026 .ult-new-ib-title'  data-responsive-json-new='{\"font-size\":\"desktop:24px;\",\"line-height\":\"desktop:24px;\"}'  style=\"font-weight:normal;color:#ffffff;\">Protected Landscape of San Juan de la Pe\u00f1a and Monte Oroel<\/h2><\/div><a class=\"ult-new-ib-link\" href=\"http:\/\/monasteriosanjuan.com\/en\/el-entorno\/paisaje-protegido-de-san-juan-de-la-pena-y-monte-oroel\/\" title=\"Protected Landscape of San Juan de la Pe\u00f1a and Monte Oroel\"  ><\/a><\/div><\/div><\/div><div class=\"wpb_column vc_column_container\"><div class=\"vc_column-inner\"><div tabindex=\"0\" class=\"ult-new-ib ult-ib-effect-style15  ult-ib-resp  \" data-min-width=\"768\" data-max-width=\"900\" style=\"background:#000000;\" data-opacity=\"1\" data-hover-opacity=\"0.7\" ><img decoding=\"async\" class=\"ult-new-ib-img\" style=\"opacity:1;\" alt=\"Rutas de Senderismo\" src=\"https:\/\/www.monasteriosanjuan.com\/wp-content\/uploads\/2022\/01\/rutas-de-senderismo.jpg\"   \/><div id=\"interactive-banner-wrap-4044\" class=\"ult-new-ib-desc\" style=\"\"><h2 class=\"ult-new-ib-title ult-responsive\"  data-ultimate-target='#interactive-banner-wrap-4044 .ult-new-ib-title'  data-responsive-json-new='{\"font-size\":\"desktop:24px;\",\"line-height\":\"desktop:24px;\"}'  style=\"font-weight:normal;color:#ffffff;\">Trekking<\/h2><\/div><a class=\"ult-new-ib-link\" href=\"http:\/\/monasteriosanjuan.com\/en\/el-entorno\/rutas-de-senderismo\/\" title=\"Trekking\"  ><\/a><\/div><\/div><\/div><div class=\"wpb_column vc_column_container\"><div class=\"vc_column-inner\"><div tabindex=\"0\" class=\"ult-new-ib ult-ib-effect-style15  ult-ib-resp  \" data-min-width=\"768\" data-max-width=\"900\" style=\"background:#000000;\" data-opacity=\"1\" data-hover-opacity=\"0.7\" ><img decoding=\"async\" class=\"ult-new-ib-img\" style=\"opacity:1;\" alt=\"Camino de Santiago\" src=\"https:\/\/www.monasteriosanjuan.com\/wp-content\/uploads\/2022\/01\/camino.jpg\"   \/><div id=\"interactive-banner-wrap-3956\" class=\"ult-new-ib-desc\" style=\"\"><h2 class=\"ult-new-ib-title ult-responsive\"  data-ultimate-target='#interactive-banner-wrap-3956 .ult-new-ib-title'  data-responsive-json-new='{\"font-size\":\"desktop:24px;\",\"line-height\":\"desktop:24px;\"}'  style=\"font-weight:normal;color:#ffffff;\">Route of Santiago<\/h2><\/div><a class=\"ult-new-ib-link\" href=\"http:\/\/monasteriosanjuan.com\/en\/el-entorno\/camino-de-santiago\/\" title=\"Route of Santiago\"  ><\/a><\/div><\/div><\/div><\/div><\/div><\/div><\/div><\/div><\/section>\n","protected":false},"excerpt":{"rendered":"The charming urban centre of Santa Cruz de la Ser\u00f3s is found at 7 km from San Juan de la Pe\u00f1a and it houses two Romanesque jewels to visit. The church of Santa Mar\u00eda was a Benedictine nuns\u2019 monastery in the eleventh and twelfth centuries and among its walls lived the women of the Aragonese...","protected":false},"author":1,"featured_media":573,"parent":913,"menu_order":0,"comment_status":"closed","ping_status":"closed","template":"","meta":{"footnotes":"","beyondwords_generate_audio":"","beyondwords_integration_method":"","beyondwords_project_id":"","beyondwords_content_id":"","beyondwords_preview_token":"","beyondwords_player_content":"","beyondwords_player_style":"","beyondwords_language_code":"","beyondwords_language_id":"","beyondwords_title_voice_id":"","beyondwords_body_voice_id":"","beyondwords_summary_voice_id":"","beyondwords_error_message":"","beyondwords_disabled":"","beyondwords_delete_content":"","beyondwords_podcast_id":"","beyondwords_hash":"","publish_post_to_speechkit":"1","speechkit_hash":"","speechkit_generate_audio":"1","speechkit_project_id":"","speechkit_podcast_id":"","speechkit_error_message":"#http_request_failed: cURL error 28: Failed to connect to app.beyondwords.io port 443 after 3766 ms: Connection timed out","speechkit_disabled":"","speechkit_access_key":"","speechkit_error":"","speechkit_info":"","speechkit_response":"","speechkit_retries":"","speechkit_status":"Error","speechkit_updated_at":"","_speechkit_link":"","_speechkit_text":""},"class_list":["post-921","page","type-page","status-publish","has-post-thumbnail","hentry"],"yoast_head":"<!-- This site is optimized with the Yoast SEO plugin v27.3 - https:\/\/yoast.com\/product\/yoast-seo-wordpress\/ -->\n<title>Santa Cruz de la Ser\u00f3s - Monasterio de San Juan de la Pe\u00f1a<\/title>\n<meta name=\"robots\" content=\"index, follow, max-snippet:-1, max-image-preview:large, max-video-preview:-1\" \/>\n<link rel=\"canonical\" href=\"https:\/\/www.monasteriosanjuan.com\/el-entorno\/santa-cruz-de-la-seros\/\" \/>\n<meta property=\"og:locale\" content=\"en_US\" \/>\n<meta property=\"og:type\" content=\"article\" \/>\n<meta property=\"og:title\" content=\"Santa Cruz de la Ser\u00f3s - Monasterio de San Juan de la Pe\u00f1a\" \/>\n<meta property=\"og:url\" content=\"https:\/\/www.monasteriosanjuan.com\/el-entorno\/santa-cruz-de-la-seros\/\" \/>\n<meta property=\"og:site_name\" content=\"Monasterio de San Juan de la Pe\u00f1a\" \/>\n<meta property=\"article:publisher\" content=\"https:\/\/www.facebook.com\/TurismodeAragon\/\" \/>\n<meta property=\"article:modified_time\" content=\"2022-08-03T12:52:27+00:00\" \/>\n<meta property=\"og:image\" content=\"https:\/\/www.monasteriosanjuan.com\/wp-content\/uploads\/2022\/01\/santa-cruz-de-la-seros-1.jpg\" \/>\n\t<meta property=\"og:image:width\" content=\"1920\" \/>\n\t<meta property=\"og:image:height\" content=\"576\" \/>\n\t<meta property=\"og:image:type\" content=\"image\/jpeg\" \/>\n<meta name=\"twitter:card\" content=\"summary_large_image\" \/>\n<meta name=\"twitter:site\" content=\"@aragonturismo\" \/>\n<meta name=\"twitter:label1\" content=\"Est. reading time\" \/>\n\t<meta name=\"twitter:data1\" content=\"3 minutes\" \/>\n<script type=\"application\/ld+json\" class=\"yoast-schema-graph\">{\"@context\":\"https:\\\/\\\/schema.org\",\"@graph\":[{\"@type\":\"WebPage\",\"@id\":\"https:\\\/\\\/www.monasteriosanjuan.com\\\/el-entorno\\\/santa-cruz-de-la-seros\\\/\",\"url\":\"https:\\\/\\\/www.monasteriosanjuan.com\\\/el-entorno\\\/santa-cruz-de-la-seros\\\/\",\"name\":\"Santa Cruz de la Ser\u00f3s - Monasterio de San Juan de la Pe\u00f1a\",\"isPartOf\":{\"@id\":\"https:\\\/\\\/www.monasteriosanjuan.com\\\/#website\"},\"primaryImageOfPage\":{\"@id\":\"https:\\\/\\\/www.monasteriosanjuan.com\\\/el-entorno\\\/santa-cruz-de-la-seros\\\/#primaryimage\"},\"image\":{\"@id\":\"https:\\\/\\\/www.monasteriosanjuan.com\\\/el-entorno\\\/santa-cruz-de-la-seros\\\/#primaryimage\"},\"thumbnailUrl\":\"https:\\\/\\\/www.monasteriosanjuan.com\\\/wp-content\\\/uploads\\\/2022\\\/01\\\/santa-cruz-de-la-seros-1.jpg\",\"datePublished\":\"2022-01-21T16:07:57+00:00\",\"dateModified\":\"2022-08-03T12:52:27+00:00\",\"breadcrumb\":{\"@id\":\"https:\\\/\\\/www.monasteriosanjuan.com\\\/el-entorno\\\/santa-cruz-de-la-seros\\\/#breadcrumb\"},\"inLanguage\":\"en-US\",\"potentialAction\":[{\"@type\":\"ReadAction\",\"target\":[\"https:\\\/\\\/www.monasteriosanjuan.com\\\/el-entorno\\\/santa-cruz-de-la-seros\\\/\"]}]},{\"@type\":\"ImageObject\",\"inLanguage\":\"en-US\",\"@id\":\"https:\\\/\\\/www.monasteriosanjuan.com\\\/el-entorno\\\/santa-cruz-de-la-seros\\\/#primaryimage\",\"url\":\"https:\\\/\\\/www.monasteriosanjuan.com\\\/wp-content\\\/uploads\\\/2022\\\/01\\\/santa-cruz-de-la-seros-1.jpg\",\"contentUrl\":\"https:\\\/\\\/www.monasteriosanjuan.com\\\/wp-content\\\/uploads\\\/2022\\\/01\\\/santa-cruz-de-la-seros-1.jpg\",\"width\":1920,\"height\":576,\"caption\":\"Santa Cruz de la Ser\u00f3s\"},{\"@type\":\"BreadcrumbList\",\"@id\":\"https:\\\/\\\/www.monasteriosanjuan.com\\\/el-entorno\\\/santa-cruz-de-la-seros\\\/#breadcrumb\",\"itemListElement\":[{\"@type\":\"ListItem\",\"position\":1,\"name\":\"Portada\",\"item\":\"https:\\\/\\\/www.monasteriosanjuan.com\\\/en\\\/\"},{\"@type\":\"ListItem\",\"position\":2,\"name\":\"Environment\",\"item\":\"https:\\\/\\\/www.monasteriosanjuan.com\\\/el-entorno\\\/\"},{\"@type\":\"ListItem\",\"position\":3,\"name\":\"Santa Cruz de la Ser\u00f3s\"}]},{\"@type\":\"WebSite\",\"@id\":\"https:\\\/\\\/www.monasteriosanjuan.com\\\/#website\",\"url\":\"https:\\\/\\\/www.monasteriosanjuan.com\\\/\",\"name\":\"Monasterio de San Juan de la Pe\u00f1a\",\"description\":\"\",\"publisher\":{\"@id\":\"https:\\\/\\\/www.monasteriosanjuan.com\\\/#organization\"},\"potentialAction\":[{\"@type\":\"SearchAction\",\"target\":{\"@type\":\"EntryPoint\",\"urlTemplate\":\"https:\\\/\\\/www.monasteriosanjuan.com\\\/?s={search_term_string}\"},\"query-input\":{\"@type\":\"PropertyValueSpecification\",\"valueRequired\":true,\"valueName\":\"search_term_string\"}}],\"inLanguage\":\"en-US\"},{\"@type\":\"Organization\",\"@id\":\"https:\\\/\\\/www.monasteriosanjuan.com\\\/#organization\",\"name\":\"Monasterio de San Juan de la Pe\u00f1a\",\"url\":\"https:\\\/\\\/www.monasteriosanjuan.com\\\/\",\"logo\":{\"@type\":\"ImageObject\",\"inLanguage\":\"en-US\",\"@id\":\"https:\\\/\\\/www.monasteriosanjuan.com\\\/#\\\/schema\\\/logo\\\/image\\\/\",\"url\":\"https:\\\/\\\/www.monasteriosanjuan.com\\\/wp-content\\\/uploads\\\/2022\\\/01\\\/logo-san-juan.png\",\"contentUrl\":\"https:\\\/\\\/www.monasteriosanjuan.com\\\/wp-content\\\/uploads\\\/2022\\\/01\\\/logo-san-juan.png\",\"width\":500,\"height\":500,\"caption\":\"Monasterio de San Juan de la Pe\u00f1a\"},\"image\":{\"@id\":\"https:\\\/\\\/www.monasteriosanjuan.com\\\/#\\\/schema\\\/logo\\\/image\\\/\"},\"sameAs\":[\"https:\\\/\\\/www.facebook.com\\\/TurismodeAragon\\\/\",\"https:\\\/\\\/x.com\\\/aragonturismo\"]}]}<\/script>\n<!-- \/ Yoast SEO plugin. -->","yoast_head_json":{"title":"Santa Cruz de la Ser\u00f3s - Monasterio de San Juan de la Pe\u00f1a","robots":{"index":"index","follow":"follow","max-snippet":"max-snippet:-1","max-image-preview":"max-image-preview:large","max-video-preview":"max-video-preview:-1"},"canonical":"https:\/\/www.monasteriosanjuan.com\/el-entorno\/santa-cruz-de-la-seros\/","og_locale":"en_US","og_type":"article","og_title":"Santa Cruz de la Ser\u00f3s - Monasterio de San Juan de la Pe\u00f1a","og_url":"https:\/\/www.monasteriosanjuan.com\/el-entorno\/santa-cruz-de-la-seros\/","og_site_name":"Monasterio de San Juan de la Pe\u00f1a","article_publisher":"https:\/\/www.facebook.com\/TurismodeAragon\/","article_modified_time":"2022-08-03T12:52:27+00:00","og_image":[{"width":1920,"height":576,"url":"https:\/\/www.monasteriosanjuan.com\/wp-content\/uploads\/2022\/01\/santa-cruz-de-la-seros-1.jpg","type":"image\/jpeg"}],"twitter_card":"summary_large_image","twitter_site":"@aragonturismo","twitter_misc":{"Est. reading time":"3 minutes"},"schema":{"@context":"https:\/\/schema.org","@graph":[{"@type":"WebPage","@id":"https:\/\/www.monasteriosanjuan.com\/el-entorno\/santa-cruz-de-la-seros\/","url":"https:\/\/www.monasteriosanjuan.com\/el-entorno\/santa-cruz-de-la-seros\/","name":"Santa Cruz de la Ser\u00f3s - Monasterio de San Juan de la Pe\u00f1a","isPartOf":{"@id":"https:\/\/www.monasteriosanjuan.com\/#website"},"primaryImageOfPage":{"@id":"https:\/\/www.monasteriosanjuan.com\/el-entorno\/santa-cruz-de-la-seros\/#primaryimage"},"image":{"@id":"https:\/\/www.monasteriosanjuan.com\/el-entorno\/santa-cruz-de-la-seros\/#primaryimage"},"thumbnailUrl":"https:\/\/www.monasteriosanjuan.com\/wp-content\/uploads\/2022\/01\/santa-cruz-de-la-seros-1.jpg","datePublished":"2022-01-21T16:07:57+00:00","dateModified":"2022-08-03T12:52:27+00:00","breadcrumb":{"@id":"https:\/\/www.monasteriosanjuan.com\/el-entorno\/santa-cruz-de-la-seros\/#breadcrumb"},"inLanguage":"en-US","potentialAction":[{"@type":"ReadAction","target":["https:\/\/www.monasteriosanjuan.com\/el-entorno\/santa-cruz-de-la-seros\/"]}]},{"@type":"ImageObject","inLanguage":"en-US","@id":"https:\/\/www.monasteriosanjuan.com\/el-entorno\/santa-cruz-de-la-seros\/#primaryimage","url":"https:\/\/www.monasteriosanjuan.com\/wp-content\/uploads\/2022\/01\/santa-cruz-de-la-seros-1.jpg","contentUrl":"https:\/\/www.monasteriosanjuan.com\/wp-content\/uploads\/2022\/01\/santa-cruz-de-la-seros-1.jpg","width":1920,"height":576,"caption":"Santa Cruz de la Ser\u00f3s"},{"@type":"BreadcrumbList","@id":"https:\/\/www.monasteriosanjuan.com\/el-entorno\/santa-cruz-de-la-seros\/#breadcrumb","itemListElement":[{"@type":"ListItem","position":1,"name":"Portada","item":"https:\/\/www.monasteriosanjuan.com\/en\/"},{"@type":"ListItem","position":2,"name":"Environment","item":"https:\/\/www.monasteriosanjuan.com\/el-entorno\/"},{"@type":"ListItem","position":3,"name":"Santa Cruz de la Ser\u00f3s"}]},{"@type":"WebSite","@id":"https:\/\/www.monasteriosanjuan.com\/#website","url":"https:\/\/www.monasteriosanjuan.com\/","name":"Monasterio de San Juan de la Pe\u00f1a","description":"","publisher":{"@id":"https:\/\/www.monasteriosanjuan.com\/#organization"},"potentialAction":[{"@type":"SearchAction","target":{"@type":"EntryPoint","urlTemplate":"https:\/\/www.monasteriosanjuan.com\/?s={search_term_string}"},"query-input":{"@type":"PropertyValueSpecification","valueRequired":true,"valueName":"search_term_string"}}],"inLanguage":"en-US"},{"@type":"Organization","@id":"https:\/\/www.monasteriosanjuan.com\/#organization","name":"Monasterio de San Juan de la Pe\u00f1a","url":"https:\/\/www.monasteriosanjuan.com\/","logo":{"@type":"ImageObject","inLanguage":"en-US","@id":"https:\/\/www.monasteriosanjuan.com\/#\/schema\/logo\/image\/","url":"https:\/\/www.monasteriosanjuan.com\/wp-content\/uploads\/2022\/01\/logo-san-juan.png","contentUrl":"https:\/\/www.monasteriosanjuan.com\/wp-content\/uploads\/2022\/01\/logo-san-juan.png","width":500,"height":500,"caption":"Monasterio de San Juan de la Pe\u00f1a"},"image":{"@id":"https:\/\/www.monasteriosanjuan.com\/#\/schema\/logo\/image\/"},"sameAs":["https:\/\/www.facebook.com\/TurismodeAragon\/","https:\/\/x.com\/aragonturismo"]}]}},"_links":{"self":[{"href":"https:\/\/www.monasteriosanjuan.com\/en\/wp-json\/wp\/v2\/pages\/921","targetHints":{"allow":["GET"]}}],"collection":[{"href":"https:\/\/www.monasteriosanjuan.com\/en\/wp-json\/wp\/v2\/pages"}],"about":[{"href":"https:\/\/www.monasteriosanjuan.com\/en\/wp-json\/wp\/v2\/types\/page"}],"author":[{"embeddable":true,"href":"https:\/\/www.monasteriosanjuan.com\/en\/wp-json\/wp\/v2\/users\/1"}],"replies":[{"embeddable":true,"href":"https:\/\/www.monasteriosanjuan.com\/en\/wp-json\/wp\/v2\/comments?post=921"}],"version-history":[{"count":2,"href":"https:\/\/www.monasteriosanjuan.com\/en\/wp-json\/wp\/v2\/pages\/921\/revisions"}],"predecessor-version":[{"id":1387,"href":"https:\/\/www.monasteriosanjuan.com\/en\/wp-json\/wp\/v2\/pages\/921\/revisions\/1387"}],"up":[{"embeddable":true,"href":"https:\/\/www.monasteriosanjuan.com\/en\/wp-json\/wp\/v2\/pages\/913"}],"wp:featuredmedia":[{"embeddable":true,"href":"https:\/\/www.monasteriosanjuan.com\/en\/wp-json\/wp\/v2\/media\/573"}],"wp:attachment":[{"href":"https:\/\/www.monasteriosanjuan.com\/en\/wp-json\/wp\/v2\/media?parent=921"}],"curies":[{"name":"wp","href":"https:\/\/api.w.org\/{rel}","templated":true}]}}